{"id":12954,"date":"2020-08-27T08:23:10","date_gmt":"2020-08-27T08:23:10","guid":{"rendered":"https:\/\/futural-project.eu\/?page_id=12954"},"modified":"2024-07-09T06:20:54","modified_gmt":"2024-07-09T06:20:54","slug":"privacy-policy","status":"publish","type":"page","link":"https:\/\/futural-project.eu\/de\/privacy-policy\/","title":{"rendered":"Privacy Policy"},"content":{"rendered":"<p>Diese Datenschutzerkl\u00e4rung regelt die Verwendung Ihrer personenbezogenen Daten durch das Projekt FUTURAL - dieses Projekt wurde mit Mitteln des Programms Horizon Europe der Europ\u00e4ischen Union unter der Finanzhilfevereinbarung Nr. 101083958 gef\u00f6rdert; Sie erreichen uns per E-Mail, Telefon, \u00fcber das Kontaktformular auf der Website und unsere Social-Media-Kan\u00e4le, z. B. LinkedIn, Twitter, Facebook, YouTube, SlideShare (im Folgenden als \"Social-Media-Kan\u00e4le\" bezeichnet), oder \u00fcber die Interaktion mit uns auf Messen und Veranstaltungen.<\/p>\n<p><em>HINWEIS: Wenn Sie Informationen dar\u00fcber w\u00fcnschen, wie wir personenbezogene Daten \u00fcber Cookies auf unserer Website verarbeiten, verweisen wir Sie auf unsere Cookie-Richtlinie.<\/em><\/p>\n<h5><strong>1. Wer ist f\u00fcr die Verarbeitung Ihrer personenbezogenen Daten verantwortlich?<\/strong><\/h5>\n<p><strong>1.1<\/strong> Ihre pers\u00f6nlichen Daten werden von reframe.food, dem Verbreitungs- und Kommunikationspartner des FUTURAL-Projekts, verarbeitet. Dieses Projekt wurde vom Programm Horizont Europa der Europ\u00e4ischen Union unter der Finanzhilfevereinbarung Nr. 101083958 finanziert. Sie k\u00f6nnen uns per E-Mail kontaktieren unter<\/p>\n<p><strong>1.2<\/strong> reframe.food beh\u00e4lt sich das Recht vor, diese Datenschutzrichtlinie nach eigenem Ermessen und von Zeit zu Zeit zu \u00e4ndern oder zu erg\u00e4nzen. Solche Modifikationen, \u00c4nderungen oder Erg\u00e4nzungen werden \u00fcber die Website bekannt gegeben. Wenn Sie Fragen oder Anmerkungen zu den \u00c4nderungen, Erg\u00e4nzungen oder Erweiterungen haben, k\u00f6nnen Sie uns eine E-Mail schicken an<\/p>\n<h5><strong>2. Welche Kategorien von personenbezogenen Daten verarbeiten wir? <\/strong><\/h5>\n<p><strong>2.1<\/strong> Wenn Sie das Kontaktformular auf unserer Website ausf\u00fcllen oder uns per E-Mail, Telefon oder \u00fcber Social-Media-Kan\u00e4le kontaktieren, erfassen wir folgende Daten:<\/p>\n<ul>\n<li>die grundlegenden Identit\u00e4tsdaten, die Sie uns zur Verf\u00fcgung stellen, wie Name, E-Mail-Adresse, Postanschrift, Telefonnummer, das Unternehmen, f\u00fcr das Sie arbeiten, Ihre Funktion;<\/li>\n<li>den Inhalt Ihrer Mitteilung und die technischen Einzelheiten der Mitteilung selbst (mit wem Sie auf unserer Seite korrespondieren, Datum und Uhrzeit usw.);<\/li>\n<li>Ihre Pr\u00e4ferenzen in Bezug auf den Erhalt unserer E-Mail-Nachrichten, wie Newsletter, Werbung usw;<\/li>\n<li>elektronische Identifikationsdaten, wie z. B. die IP-Adresse;<\/li>\n<li>\u00f6ffentlich zug\u00e4ngliche Informationen Ihres Profils auf Social-Media-Kan\u00e4len und alle anderen personenbezogenen Daten, die Sie uns zur Verf\u00fcgung stellen.<\/li>\n<\/ul>\n<p><strong>2.2<\/strong> Immer wenn Sie uns Ihre Visitenkarte hinterlassen oder auf Messen und Veranstaltungen, auf denen wir vertreten sind, mit uns in Kontakt treten, k\u00f6nnen wir diese Daten erfassen:<\/p>\n<ul>\n<li>die grundlegenden Identit\u00e4tsdaten, die Sie uns zur Verf\u00fcgung stellen, wie z. B. Name, E-Mail-Adresse, Postanschrift, Telefonnummer, das Unternehmen, f\u00fcr das Sie arbeiten, Ihre Funktion (d. h., wenn diese Informationen von Ihnen zur Verf\u00fcgung gestellt werden oder auf Ihrer Visitenkarte stehen);<\/li>\n<li>ihr Bild.<\/li>\n<\/ul>\n<h5><strong>3. Zu welchem Zweck verwenden wir Ihre personenbezogenen Daten?<\/strong><\/h5>\n<p><strong>3.1<\/strong> reframe.food  verarbeitet Ihre pers\u00f6nlichen Daten, um Ihnen auf personalisierte und effiziente Weise die von Ihnen angeforderten Informationen, Produkte und\/oder Dienstleistungen \u00fcber die Website, E-Mail, Telefon, Social-Media-Kan\u00e4le sowie Messen und Veranstaltungen zukommen zu lassen.<\/p>\n<p><strong>3.2<\/strong> reframe.food verarbeitet Ihre personenbezogenen Daten, um mit Ihnen infolge unseres Kontakts auf einer Messe und\/oder Veranstaltung oder infolge Ihrer Kontaktaufnahme \u00fcber die Website, E-Mail, Telefon oder einen unserer Social-Media-Kan\u00e4le zu kommunizieren.<\/p>\n<p><strong>3.3<\/strong> reframe.food processes your personal data to perform statistical analyses so that we may improve our Website, our products and services or develop new products and services.<\/p>\n<p><strong>3.4<\/strong> reframe.food verarbeitet Ihre personenbezogenen Daten, um gesetzlichen Verpflichtungen nachzukommen oder um einer begr\u00fcndeten Anfrage von zust\u00e4ndigen Strafverfolgungsbeamten oder -vertretern, Justizbeh\u00f6rden, Regierungsbeh\u00f6rden oder -gremien, einschlie\u00dflich der zust\u00e4ndigen Datenschutzbeh\u00f6rden, nachzukommen. Ihre personenbezogenen Daten k\u00f6nnen auf eigene Initiative von reframe.food an die Polizei oder die Justizbeh\u00f6rden als Beweismittel \u00fcbermittelt werden oder wenn ein begr\u00fcndeter Verdacht auf eine rechtswidrige Handlung oder Straftat besteht, die Sie durch Ihre Registrierung oder Nutzung der Website, unserer Social-Media-Kan\u00e4le oder anderer Kommunikation mit uns begangen haben.<\/p>\n<p><strong>3.5<\/strong> reframe.food kann Ihre personenbezogenen Daten zur Wahrung der berechtigten Interessen des FUTURAL-Projekts, seiner Partner oder eines Dritten verarbeiten, wenn Ihre Registrierung oder Nutzung der Website, der Social-Media-Kan\u00e4le oder anderer Kommunikationskan\u00e4le als (a) Verletzung der geltenden Nutzungsbedingungen oder der Rechte an geistigem Eigentum oder sonstiger Rechte Dritter angesehen werden kann, (b) eine Bedrohung f\u00fcr die Sicherheit oder Integrit\u00e4t der Website darstellt, (c) eine Gefahr f\u00fcr die Website oder die zugrunde liegenden Systeme von FUTURAL project oder seinen Subunternehmern durch Viren, Trojaner, Spyware, Malware oder eine andere Form von b\u00f6sartigem Code darstellt, oder (d) in irgendeiner Weise hasserf\u00fcllt, obsz\u00f6n, diskriminierend, rassistisch, verleumderisch, geh\u00e4ssig, verletzend oder in irgendeiner anderen Weise unangemessen oder illegal ist.<\/p>\n<p><strong>3.6<\/strong> reframe.food verarbeitet Ihre unter Punkt 2.1 und 2.2 genannten personenbezogenen Daten f\u00fcr Marketingzwecke, d.h. um Ihnen gezielte Mitteilungen, Werbeaktionen, Angebote und sonstige Werbung von FUTURAL project und ausgew\u00e4hlten Partnern zukommen zu lassen. Das Projekt FUTURAL wird Ihnen nur dann Mitteilungen, Werbeaktionen, Angebote, Newsletter und andere Werbung per E-Mail oder \u00fcber andere elektronische Kommunikationskan\u00e4le von Person zu Person zusenden, wenn Sie dem Erhalt solcher Mitteilungen, Newsletter und anderer Werbung ausdr\u00fccklich zugestimmt haben.<\/p>\n<h5><strong>4. Warum ist unsere Verarbeitung Ihrer personenbezogenen Daten rechtm\u00e4\u00dfig?<\/strong><\/h5>\n<p><strong>4.1<\/strong> F\u00fcr die Verarbeitung Ihrer personenbezogenen Daten zu den in Abschnitt 3.1 genannten Zwecken bitten wir Sie um Ihre Zustimmung.<\/p>\n<p><strong>4.2<\/strong> Die Verarbeitung Ihrer personenbezogenen Daten zu dem in Abschnitt 3.4 genannten Zweck ist notwendig, damit FUTURAL Projekt seinen gesetzlichen Verpflichtungen nachkommen kann.<\/p>\n<p><strong>4.3<\/strong> Die Verarbeitung Ihrer personenbezogenen Daten zu den in den Punkten 3.2, 3.3 und 3.6 genannten Zwecken ist zur Wahrung der berechtigten Interessen des Projekts FUTURAL erforderlich, die darin bestehen:<\/p>\n<ul>\n<li>um in der Lage zu sein, auf Ihre Informationsanfragen und sonstigen Anfragen angemessen zu reagieren;<\/li>\n<li>um Ihre pers\u00f6nlichen Daten an unsere Partner im Projekt FUTURAL weiterzugeben, um Sie angemessen informieren zu k\u00f6nnen;<\/li>\n<li>die es uns erm\u00f6glichen, uns in Gerichtsverfahren zu verteidigen;<\/li>\n<li>kontinuierliche Verbesserungen der Website, unserer Social-Media-Kan\u00e4le vorzunehmen, Produkte und Dienstleistungen zu verbessern und um sicherzustellen, dass Sie das bestm\u00f6gliche Erlebnis haben;<\/li>\n<li>um unsere Website, Social-Media-Kan\u00e4le, Produkte und Dienstleistungen vor Missbrauch und illegalen Aktivit\u00e4ten zu sch\u00fctzen;<\/li>\n<li>um unsere kommerziellen und gesch\u00e4ftlichen Interessen und Bed\u00fcrfnisse in Anbetracht der sich \u00e4ndernden Marktbedingungen zu wahren.<\/li>\n<li>f\u00fcr Marketing und Werbung f\u00fcr unsere Produkte, Dienstleistungen und Marken sowie eine insgesamt erfolgreiche Vermarktung unserer Produkte und Dienstleistungen.<\/li>\n<\/ul>\n<p><strong>4.4<\/strong> F\u00fcr die Verarbeitung Ihrer personenbezogenen Daten zu den in Punkt 3.1 genannten Zwecken bittet reframe.food als verantwortliche Partei um Ihre Zustimmung. Indem Sie der Verarbeitung Ihrer personenbezogenen Daten zum Zweck der Zusendung von Mitteilungen, Werbeaktionen, Angeboten, Newslettern und sonstiger Werbung per E-Mail oder \u00fcber andere elektronische Kommunikationskan\u00e4le von Person zu Person zustimmen, erkl\u00e4ren Sie sich damit einverstanden, dass wir Ihre personenbezogenen Daten zu diesem Zweck auf die in dieser Datenschutzrichtlinie beschriebene Weise und unter den dort genannten Bedingungen verarbeiten d\u00fcrfen.<\/p>\n<h5><strong>5. Was sind unsere Qualit\u00e4tsgarantien?<\/strong><\/h5>\n<p><strong>5.1<\/strong> reframe.food does its utmost to process only those personal data which are necessary to achieve the purposes listed under the purpose for processing.<\/p>\n<p><strong>5.2<\/strong> Ihre personenbezogenen Daten werden nur so lange verarbeitet, wie es f\u00fcr die oben genannten Zwecke erforderlich ist oder bis Sie Ihre Zustimmung zur Verarbeitung zur\u00fcckziehen. reframe.food wird Ihre personenbezogenen Daten de-identifizieren, wenn sie f\u00fcr die im Zweck der Verarbeitung genannten Zwecke nicht mehr erforderlich sind, es sei denn, es liegt ein solcher Fall vor:<\/p>\n<ul>\n<li>ein \u00fcberwiegendes Interesse des Projekts FUTURAL oder eines Dritten daran, dass Ihre personenbezogenen Daten identifizierbar bleiben;<\/li>\n<li>eine gesetzliche oder beh\u00f6rdliche Verpflichtung oder eine gerichtliche oder beh\u00f6rdliche Anordnung, die das FUTURAL Projekt daran hindert, sie zu de-identifizieren.<\/li>\n<\/ul>\n<p><strong>5.3<\/strong> reframe.food takes\u00a0 all the appropriate technical and organizational measures to keep your personal data safe from unauthorized access or theft as well as accidental loss, tampering or destruction. Access by personnel of reframe.food or its third party processors will only be on a need-to-know basis and subject to strict confidentiality obligations.<\/p>\n<h5><strong>6. Was sind Ihre Rechte?<\/strong><\/h5>\n<p><strong>6.1<\/strong> You have the right to request access to all personal data processed by reframe.food pertaining to you. reframe.food reserves the right to charge an administrative fee for multiple subsequent requests for access that are clearly submitted for causing nuisance or harm to FUTURAL project.<\/p>\n<p><strong>6.2<\/strong> Sie haben das Recht zu verlangen, dass Sie betreffende unrichtige personenbezogene Daten unentgeltlich berichtigt werden. Wird ein Antrag auf Berichtigung gestellt, so ist diesem Antrag ein Nachweis \u00fcber die Fehlerhaftigkeit der Daten beizuf\u00fcgen, f\u00fcr die eine Berichtigung beantragt wird.<\/p>\n<p><strong>6.3<\/strong> Sie haben das Recht, Ihre zuvor erteilte Einwilligung zur Verarbeitung Ihrer personenbezogenen Daten gem\u00e4\u00df Abschnitt 4.4 zu widerrufen.<\/p>\n<p><strong>6.4<\/strong> Sie haben das Recht zu verlangen, dass Sie betreffende personenbezogene Daten gel\u00f6scht werden, wenn sie f\u00fcr die oben genannten Zwecke nicht mehr erforderlich sind oder wenn Sie Ihre Zustimmung zur Verarbeitung zur\u00fcckziehen. Sie m\u00fcssen jedoch bedenken, dass ein Antrag auf L\u00f6schung von reframe.food gepr\u00fcft wird:<\/p>\n<ul>\n<li>\u00fcberwiegende Interessen des FUTURAL Projekts oder einer anderen dritten Partei;<\/li>\n<li>gesetzliche oder regulatorische Verpflichtungen oder verwaltungsrechtliche oder gerichtliche Anordnungen, die einer solchen L\u00f6schung entgegenstehen k\u00f6nnten.<\/li>\n<\/ul>\n<p>Anstelle der L\u00f6schung k\u00f6nnen Sie auch verlangen, dass reframe.food die Verarbeitung Ihrer personenbezogenen Daten einschr\u00e4nkt, wenn (a) Sie die Richtigkeit dieser Daten bestreiten, (b) die Verarbeitung unrechtm\u00e4\u00dfig ist oder (c) die Daten f\u00fcr die oben genannten Zwecke nicht mehr ben\u00f6tigt werden, Sie sie aber zur Verteidigung in einem Gerichtsverfahren ben\u00f6tigen.<\/p>\n<p><strong>6.5<\/strong> Sie haben das Recht, gegen die Verarbeitung personenbezogener Daten Widerspruch einzulegen, wenn Sie nachweisen k\u00f6nnen, dass schwerwiegende und gerechtfertigte Gr\u00fcnde im Zusammenhang mit Ihrer besonderen Situation vorliegen, die einen solchen Widerspruch rechtfertigen. Handelt es sich bei der beabsichtigten Verarbeitung jedoch um Direktwerbung, so haben Sie das Recht, kostenlos und ohne Begr\u00fcndung Widerspruch gegen diese Verarbeitung einzulegen.<\/p>\n<p><strong>6.6<\/strong> Sie haben das Recht, von uns alle personenbezogenen Daten, die Sie uns zur Verf\u00fcgung gestellt haben, in einem strukturierten, allgemein \u00fcblichen und maschinenlesbaren Format zu erhalten.<\/p>\n<p><strong>6.7<\/strong> Wenn Sie einen Antrag auf Aus\u00fcbung eines oder mehrerer der oben genannten Rechte stellen m\u00f6chten, k\u00f6nnen Sie eine E-Mail senden an <a href=\"mailto:info@futural-project.eu\">info@futural-project.eu<\/a> f\u00fcr alle Fragen im Zusammenhang mit den Rechten der betroffenen Person. Eine E-Mail, in der Sie um die Aus\u00fcbung eines Rechts ersuchen, ist nicht als Zustimmung zur Verarbeitung Ihrer personenbezogenen Daten \u00fcber das f\u00fcr die Bearbeitung Ihres Ersuchens erforderliche Ma\u00df hinaus auszulegen. In einem solchen Antrag sollte klar angegeben werden, welches Recht Sie aus\u00fcben m\u00f6chten, und die Gr\u00fcnde daf\u00fcr genannt werden, falls dies erforderlich ist. Der Antrag sollte datiert und unterschrieben sein und von einer digital eingescannten Kopie Ihres g\u00fcltigen Personalausweises begleitet werden, die Ihre Identit\u00e4t belegt.<br \/>\nDas FUTURAL Projekt wird Sie unverz\u00fcglich \u00fcber den Erhalt dieses Antrags informieren. Erweist sich der Antrag als g\u00fcltig, wird das FUTURAL Projekt ihn so schnell wie m\u00f6glich, sp\u00e4testens jedoch drei\u00dfig (30) Tage nach Eingang des Antrags, mitteilen.<\/p>\n<p>Wenn Sie sich \u00fcber die Verarbeitung Ihrer pers\u00f6nlichen Daten durch reframe.food  beschweren m\u00f6chten, k\u00f6nnen Sie sich jederzeit an das FUTURAL Projekt \u00fcber die im ersten Absatz dieser Klausel genannte E-Mail-Adresse wenden. Wenn Sie mit der Antwort von dem FUTURAL Projekt nicht zufrieden sind, k\u00f6nnen Sie eine Beschwerde bei der zust\u00e4ndigen Datenschutzbeh\u00f6rde einreichen, d. h. bei der Datenschutzbeh\u00f6rde des Landes, in dem Sie wohnen, oder bei der Griechischen Datenschutzbeh\u00f6rde (A\u03c1\u03c7\u03ae \u03a0\u03c1\u03bf\u03c3\u03c4\u03b1\u03c3\u03af\u03b1\u03c2 \u0394\u03b5\u03b4\u03bf\u03bc\u03ad\u03bd\u03c9\u03bd \u03a0\u03c1\u03bf\u03c3\u03c9\u03c0\u03b9\u03ba\u03bf\u03cd \u03a7\u03b1\u03c1\u03b1\u03ba\u03c4\u03ae\u03c1\u03b1). Weitere Informationen finden Sie unter <a href=\"https:\/\/www.dpa.gr\/en\">https:\/\/www.dpa.gr\/en<\/a> .<\/p>","protected":false},"excerpt":{"rendered":"<p>This privacy policy governs the use of your personal data by FUTURAL project \u2013 this project has received funding from the European Union\u2019s Horizon Europe Programme under grant agreement No&hellip;<\/p>","protected":false},"author":1,"featured_media":0,"parent":0,"menu_order":0,"comment_status":"closed","ping_status":"closed","template":"","meta":{"iawp_total_views":115,"footnotes":""},"class_list":["post-12954","page","type-page","status-publish","hentry"],"_links":{"self":[{"href":"https:\/\/futural-project.eu\/de\/wp-json\/wp\/v2\/pages\/12954","targetHints":{"allow":["GET"]}}],"collection":[{"href":"https:\/\/futural-project.eu\/de\/wp-json\/wp\/v2\/pages"}],"about":[{"href":"https:\/\/futural-project.eu\/de\/wp-json\/wp\/v2\/types\/page"}],"author":[{"embeddable":true,"href":"https:\/\/futural-project.eu\/de\/wp-json\/wp\/v2\/users\/1"}],"replies":[{"embeddable":true,"href":"https:\/\/futural-project.eu\/de\/wp-json\/wp\/v2\/comments?post=12954"}],"version-history":[{"count":13,"href":"https:\/\/futural-project.eu\/de\/wp-json\/wp\/v2\/pages\/12954\/revisions"}],"predecessor-version":[{"id":25158,"href":"https:\/\/futural-project.eu\/de\/wp-json\/wp\/v2\/pages\/12954\/revisions\/25158"}],"wp:attachment":[{"href":"https:\/\/futural-project.eu\/de\/wp-json\/wp\/v2\/media?parent=12954"}],"curies":[{"name":"wp","href":"https:\/\/api.w.org\/{rel}","templated":true}]}}