{"id":22726,"date":"2023-06-13T10:02:25","date_gmt":"2023-06-13T10:02:25","guid":{"rendered":"https:\/\/futural-project.eu\/?page_id=22726"},"modified":"2023-06-13T10:30:03","modified_gmt":"2023-06-13T10:30:03","slug":"cookies-policy","status":"publish","type":"page","link":"https:\/\/futural-project.eu\/de\/cookies-policy\/","title":{"rendered":"Cookies Policy"},"content":{"rendered":"<div data-elementor-type=\"wp-page\" data-elementor-id=\"22726\" class=\"elementor elementor-22726\" data-elementor-post-type=\"page\">\n\t\t\t\t<div class=\"elementor-element elementor-element-6c50186 e-flex e-con-boxed sc_layouts_column_icons_position_left e-con e-parent\" data-id=\"6c50186\" data-element_type=\"container\" data-e-type=\"container\">\n\t\t\t\t\t<div class=\"e-con-inner\">\n\t\t\t\t<div class=\"elementor-element elementor-element-d2a011d sc_fly_static elementor-widget elementor-widget-text-editor\" data-id=\"d2a011d\" data-element_type=\"widget\" data-e-type=\"widget\" data-widget_type=\"text-editor.default\">\n\t\t\t\t<div class=\"elementor-widget-container\">\n\t\t\t\t\t\t\t\t\t<h5>1. Was sind Cookies?<\/h5><p>\"Cookies\" sind kleine Textdateien, die \u00fcber den Internetbrowser auf Ihrem Computer gespeichert werden und nur Informationen \u00fcber Ihre Pr\u00e4ferenzen enthalten, also keine pers\u00f6nlichen Daten.<\/p><h5>2. Wozu sind Cookies da?<\/h5><p>Cookies helfen dabei, die N\u00fctzlichkeit, das Interesse und die Anzahl der Nutzungen Ihrer Websites zu ermitteln, was ein schnelleres und effizienteres Surfen erm\u00f6glicht und die wiederholte Eingabe der gleichen Informationen \u00fcberfl\u00fcssig macht.<\/p><h5>3. Welche Art von Cookies verwenden wir?<\/h5><p>There are two groups of cookies that can be used:<\/p><p><strong>Permanente Cookies:<\/strong> Dies sind Cookies, die im Browser Ihres Zugangsger\u00e4ts (PC, Handy und Tablet) gespeichert werden und immer dann verwendet werden, wenn Sie unsere Website mehr als einmal besuchen. Sie werden im Allgemeinen verwendet, um das Surfen auf die Interessen des Nutzers auszurichten und uns zu erm\u00f6glichen, einen pers\u00f6nlicheren Service anzubieten.<\/p><p><strong>Session Cookies:<\/strong> Dies sind tempor\u00e4re Cookies, die in der Cookie-Datei Ihres Browsers verbleiben, bis Sie die Website verlassen. Die durch diese Cookies gewonnenen Informationen dienen der Analyse von Mustern des Webverkehrs, die es uns erm\u00f6glichen, Probleme zu erkennen und ein besseres Surferlebnis zu bieten.<\/p><h5>4. F\u00fcr welche Zwecke verwenden wir Cookies?<\/h5><p><strong>Streng notwendige Cookies<\/strong><\/p><p>Sie erm\u00f6glichen Ihnen das Surfen auf der Website und die Nutzung ihrer Anwendungen sowie den Zugang zu sicheren Bereichen der Website. Ohne diese Cookies k\u00f6nnen die von Ihnen angeforderten Dienste nicht bereitgestellt werden.<\/p><p><strong>Funktionale Cookies<\/strong><\/p><p>Sie speichern die Benutzerpr\u00e4ferenzen f\u00fcr die Nutzung der Website, so dass Sie die Website nicht jedes Mal neu konfigurieren m\u00fcssen, wenn Sie sie besuchen.<\/p><p><strong>Werbe Cookies<\/strong><\/p><p>Sie richten die Werbung nach den Interessen der einzelnen Nutzer aus, um die Werbekampagnen unter Ber\u00fccksichtigung des Geschmacks der Nutzer zu lenken, und sie begrenzen auch die Anzahl der Anzeigen, um die Wirksamkeit der Werbung und den Erfolg der Organisation der Website zu messen.<\/p><h5>5. Wie k\u00f6nnen Sie Cookies verwalten?<\/h5><p><a class=\"cky-banner-element\">Cookie Einstellungen<\/a><\/p><div><p>Sie k\u00f6nnen Ihre Cookie-Einstellungen jederzeit \u00e4ndern, indem Sie auf die obige Schaltfl\u00e4che klicken. Dadurch k\u00f6nnen Sie das Cookie-Einwilligungsbanner erneut aufrufen und Ihre Einstellungen \u00e4ndern oder Ihre Einwilligung sofort widerrufen.<\/p><p>Dar\u00fcber hinaus bieten die verschiedenen Browser unterschiedliche Methoden zum Blockieren und L\u00f6schen von Cookies, die von Websites verwendet werden. Sie k\u00f6nnen die Einstellungen Ihres Browsers \u00e4ndern, um die Cookies zu blockieren\/l\u00f6schen. Nachstehend finden Sie die Links zu den Support-Dokumenten f\u00fcr die Verwaltung und L\u00f6schung von Cookies in den wichtigsten Webbrowsern.<\/p><p>Chrome: <a href=\"https:\/\/support.google.com\/accounts\/answer\/32050\" target=\"_blank\" rel=\"noopener\">https:\/\/support.google.com\/accounts\/answer\/32050<\/a><\/p><p>Safari: <a href=\"https:\/\/support.apple.com\/en-in\/guide\/safari\/sfri11471\/mac\" target=\"_blank\" rel=\"noopener\">https:\/\/support.apple.com\/en-in\/guide\/safari\/sfri11471\/mac<\/a><\/p><p>Firefox: <a href=\"https:\/\/support.mozilla.org\/en-US\/kb\/clear-cookies-and-site-data-firefox?redirectslug=delete-cookies-remove-info-websites-stored&amp;redirectlocale=en-US\" target=\"_blank\" rel=\"noopener\">https:\/\/support.mozilla.org\/en-US\/kb\/clear-cookies-and-site-data-firefox?redirectslug=delete-cookies-remove-info-websites-stored&amp;redirectlocale=en-US<\/a><\/p><p>Internet Explorer: <a href=\"https:\/\/support.microsoft.com\/en-us\/topic\/how-to-delete-cookie-files-in-internet-explorer-bca9446f-d873-78de-77ba-d42645fa52fc\" target=\"_blank\" rel=\"noopener\">https:\/\/support.microsoft.com\/en-us\/topic\/how-to-delete-cookie-files-in-internet-explorer-bca9446f-d873-78de-77ba-d42645fa52fc<\/a><\/p><p>Wenn Sie einen anderen Webbrowser verwenden, lesen Sie bitte die offiziellen Support-Dokumente f\u00fcr Ihren Browser.<\/p><\/div><p>Beachten Sie jedoch, dass durch die Deaktivierung von Cookies das ordnungsgem\u00e4\u00dfe Funktionieren bestimmter Webdienste verhindert werden kann, was das Surfen auf der Website teilweise oder vollst\u00e4ndig beeintr\u00e4chtigen kann.<\/p><h5>6. Was passiert, wenn Cookies deaktiviert sind?<\/h5><p>Bestimmte Funktionen und Dienste k\u00f6nnen nicht mehr funktionieren oder sich unerwartet verhalten, wie z. B. die Identifizierung des Nutzers auf bestimmten Seiten oder der Empfang von Informationen, die den Standort des Nutzers ber\u00fccksichtigen.<\/p><p>Wenn Sie die Cookies auf dieser Webseite deaktivieren, haben Sie m\u00f6glicherweise keinen Zugang zu bestimmten Bereichen oder die Qualit\u00e4t Ihres Browsing-Erlebnisses kann erheblich beeintr\u00e4chtigt sein.<\/p><h5>7. Die auf dieser Webseite verwendeten Cookies<\/h5><p>Wir verwenden Tools wie Google Analytics, um besser zu verstehen, wie Besucher mit unserer Website interagieren. Dadurch erhalten wir wichtige Informationen, damit die Website besser funktioniert. Die gesammelten Informationen werden nicht mit Ihren pers\u00f6nlichen Daten verkn\u00fcpft.<\/p><p>Weitere Informationen zu den von Google Analytics gesetzten Cookies finden Sie hier: <a href=\"http:\/\/code.google.com\/apis\/analytics\/docs\/concepts\/gaConceptsCookies.html\">http:\/\/code.google.com\/apis\/analytics\/docs\/concepts\/gaConceptsCookies.html<\/a><\/p><p>Die folgenden Cookies werden verwendet:<\/p><div class=\"cky-audit-table-element\">\u00a0<\/div><h5>8. Zus\u00e4tzliche Garantien und Widerruf der Annahme<\/h5><p>Das FUTURAL Projekt haftet nicht f\u00fcr den Inhalt und die Richtigkeit der Datenschutzrichtlinien von Drittanbietern, die in dieser Webseite enthalten sein k\u00f6nnen.<\/p><p>Als zus\u00e4tzliche Garantie kann die Speicherung von Cookies auf dieser Website davon abh\u00e4ngig gemacht werden, dass die Nutzer die Cookies w\u00e4hrend ihres Besuchs auf der Webseite und der Installation oder Aktualisierung des verwendeten Browsers akzeptieren. Diese Zustimmung kann jederzeit in den Einstellungen zum Inhalt und zum Schutz der Privatsph\u00e4re widerrufen werden, wie oben in Punkt 5 dieser Politik definiert, oder \u00fcber den Link am Ende dieser Seite.<\/p><h5>9. Aktualisierung der Cookie-Richtlinie<\/h5><p>Das FUTURAL Projekt kann diese Cookie-Richtlinie in \u00dcbereinstimmung mit gesetzlichen oder beh\u00f6rdlichen Anforderungen \u00e4ndern oder diese Richtlinie an neue, gesetzlich vorgeschriebene Anweisungen anpassen.<\/p><p>Bei wesentlichen \u00c4nderungen dieser Cookie-Richtlinie werden die Nutzer der Webseite benachrichtigt.<\/p><h5>10. Weitere Informationen \u00fcber Cookies<\/h5><p>Weitere Informationen \u00fcber Cookies finden Sie unter folgendem Link: www.allaboutcookies.org<\/p>\t\t\t\t\t\t\t\t<\/div>\n\t\t\t\t<\/div>\n\t\t\t\t\t<\/div>\n\t\t\t\t<\/div>\n\t\t\t\t<\/div>","protected":false},"excerpt":{"rendered":"<p>1. What are Cookies? \u201cCookies\u201d are small text files that are stored on your computer through the Internet browser, only retaining information related to your preferences and therefore not including&hellip;<\/p>","protected":false},"author":1,"featured_media":0,"parent":0,"menu_order":0,"comment_status":"closed","ping_status":"closed","template":"","meta":{"iawp_total_views":51,"footnotes":""},"class_list":["post-22726","page","type-page","status-publish","hentry"],"_links":{"self":[{"href":"https:\/\/futural-project.eu\/de\/wp-json\/wp\/v2\/pages\/22726","targetHints":{"allow":["GET"]}}],"collection":[{"href":"https:\/\/futural-project.eu\/de\/wp-json\/wp\/v2\/pages"}],"about":[{"href":"https:\/\/futural-project.eu\/de\/wp-json\/wp\/v2\/types\/page"}],"author":[{"embeddable":true,"href":"https:\/\/futural-project.eu\/de\/wp-json\/wp\/v2\/users\/1"}],"replies":[{"embeddable":true,"href":"https:\/\/futural-project.eu\/de\/wp-json\/wp\/v2\/comments?post=22726"}],"version-history":[{"count":17,"href":"https:\/\/futural-project.eu\/de\/wp-json\/wp\/v2\/pages\/22726\/revisions"}],"predecessor-version":[{"id":22750,"href":"https:\/\/futural-project.eu\/de\/wp-json\/wp\/v2\/pages\/22726\/revisions\/22750"}],"wp:attachment":[{"href":"https:\/\/futural-project.eu\/de\/wp-json\/wp\/v2\/media?parent=22726"}],"curies":[{"name":"wp","href":"https:\/\/api.w.org\/{rel}","templated":true}]}}