{"id":23487,"date":"2023-08-23T12:30:36","date_gmt":"2023-08-23T12:30:36","guid":{"rendered":"https:\/\/futural-project.eu\/futural-partners\/foodscale-hub-copy-2\/"},"modified":"2023-08-28T12:05:27","modified_gmt":"2023-08-28T12:05:27","slug":"art21","status":"publish","type":"page","link":"https:\/\/futural-project.eu\/es\/futural-partners\/art21\/","title":{"rendered":"ART21"},"content":{"rendered":"<div data-elementor-type=\"wp-page\" data-elementor-id=\"23487\" class=\"elementor elementor-23487\" data-elementor-post-type=\"page\">\n\t\t\t\t\t\t<section class=\"elementor-section elementor-top-section elementor-element elementor-element-f702280 elementor-section-boxed elementor-section-height-default elementor-section-height-default sc_fly_static\" data-id=\"f702280\" data-element_type=\"section\" data-e-type=\"section\">\n\t\t\t\t\t\t<div class=\"elementor-container elementor-column-gap-no\">\n\t\t\t\t\t<div class=\"elementor-column elementor-col-25 elementor-top-column elementor-element elementor-element-01f9221 sc_content_align_inherit sc_layouts_column_icons_position_left sc_fly_static\" data-id=\"01f9221\" data-element_type=\"column\" data-e-type=\"column\">\n\t\t\t<div class=\"elementor-widget-wrap elementor-element-populated\">\n\t\t\t\t\t\t<section data-animation-type=\"block\" data-parallax-params=\"{&quot;parallax&quot;:1,&quot;flow&quot;:&quot;default&quot;,&quot;crop&quot;:&quot;none&quot;,&quot;ease&quot;:&quot;power2&quot;,&quot;transition&quot;:1,&quot;duration&quot;:1,&quot;delay&quot;:0,&quot;squeeze&quot;:1,&quot;text&quot;:&quot;block&quot;,&quot;text_separate&quot;:0,&quot;text_wrap&quot;:0,&quot;mouse&quot;:0,&quot;mouse_type&quot;:&quot;transform3d&quot;,&quot;mouse_tilt_amount&quot;:70,&quot;mouse_speed&quot;:10,&quot;mouse_z&quot;:&quot;&quot;,&quot;mouse_handler&quot;:&quot;row&quot;,&quot;range_start&quot;:0,&quot;range_end&quot;:40,&quot;sticky_offset&quot;:0,&quot;lag&quot;:0,&quot;x_start&quot;:0,&quot;x_start_unit&quot;:&quot;px&quot;,&quot;x_end&quot;:0,&quot;x_end_unit&quot;:&quot;px&quot;,&quot;y_start&quot;:0,&quot;y_start_unit&quot;:&quot;px&quot;,&quot;y_end&quot;:-30,&quot;y_end_unit&quot;:&quot;px&quot;,&quot;scale_start&quot;:100,&quot;scale_end&quot;:100,&quot;rotate_start&quot;:0,&quot;rotate_end&quot;:0,&quot;opacity_start&quot;:1,&quot;opacity_end&quot;:1,&quot;crop_start&quot;:0,&quot;crop_end&quot;:100,&quot;blur_start&quot;:0,&quot;blur_end&quot;:0,&quot;backdrop_blur_start&quot;:0,&quot;backdrop_blur_end&quot;:0}\" class=\"trx_addons_has_bg_text elementor-section elementor-inner-section elementor-element elementor-element-f9fc061 scheme_default sc_parallax elementor-section-boxed elementor-section-height-default elementor-section-height-default animation_type_block sc_fly_static sc_parallax_default elementor-invisible\" data-bg-text=\"{&quot;bg_text&quot;:&quot;Art21&quot;,&quot;bg_text_effect&quot;:&quot;slide&quot;,&quot;bg_text_overlay&quot;:{&quot;url&quot;:&quot;&quot;},&quot;bg_text_left&quot;:{&quot;unit&quot;:&quot;%&quot;,&quot;size&quot;:-60,&quot;sizes&quot;:[]},&quot;bg_text_top&quot;:{&quot;unit&quot;:&quot;%&quot;,&quot;size&quot;:-60,&quot;sizes&quot;:[]},&quot;bg_text_z_index&quot;:{&quot;size&quot;:&quot;0&quot;,&quot;unit&quot;:&quot;px&quot;},&quot;bg_text_marquee&quot;:{&quot;unit&quot;:&quot;px&quot;,&quot;size&quot;:&quot;&quot;,&quot;sizes&quot;:[]},&quot;bg_text_marquee_hover&quot;:&quot;&quot;,&quot;bg_text_marquee_margin&quot;:{&quot;size&quot;:&quot;50&quot;,&quot;unit&quot;:&quot;px&quot;},&quot;bg_text_reverse&quot;:0,&quot;bg_text_accelerate&quot;:0,&quot;bg_text_delimiter_icon&quot;:&quot;&quot;,&quot;bg_text_delimiter_image&quot;:&quot;&quot;,&quot;bg_text_delimiter_svg&quot;:&quot;&quot;,&quot;bg_text_delimiter_rotation&quot;:0}\" data-id=\"f9fc061\" data-element_type=\"section\" data-e-type=\"section\" data-settings=\"{&quot;background_background&quot;:&quot;classic&quot;,&quot;animation&quot;:&quot;fadeIn&quot;,&quot;animation_delay&quot;:300}\">\n\t\t\t\t\t\t<div class=\"elementor-container elementor-column-gap-no\">\n\t\t\t\t\t<div class=\"elementor-column elementor-col-100 elementor-inner-column elementor-element elementor-element-165661d sc_content_align_inherit sc_layouts_column_icons_position_left sc_fly_static\" data-id=\"165661d\" data-element_type=\"column\" data-e-type=\"column\">\n\t\t\t<div class=\"elementor-widget-wrap elementor-element-populated\">\n\t\t\t\t\t\t<div class=\"elementor-element elementor-element-691d28f sc_fly_static elementor-widget elementor-widget-image\" data-id=\"691d28f\" data-element_type=\"widget\" data-e-type=\"widget\" data-widget_type=\"image.default\">\n\t\t\t\t<div class=\"elementor-widget-container\">\n\t\t\t\t\t\t\t\t\t\t\t\t\t\t\t<img fetchpriority=\"high\" decoding=\"async\" width=\"1024\" height=\"576\" src=\"https:\/\/futural-project.eu\/wp-content\/uploads\/2023\/06\/FUTURAL_PARTNER-09-1024x576.jpg\" class=\"attachment-large size-large wp-image-22470\" alt=\"\" srcset=\"https:\/\/futural-project.eu\/wp-content\/uploads\/2023\/06\/FUTURAL_PARTNER-09-1024x576.jpg 1024w, https:\/\/futural-project.eu\/wp-content\/uploads\/2023\/06\/FUTURAL_PARTNER-09-300x169.jpg 300w, https:\/\/futural-project.eu\/wp-content\/uploads\/2023\/06\/FUTURAL_PARTNER-09-768x432.jpg 768w, https:\/\/futural-project.eu\/wp-content\/uploads\/2023\/06\/FUTURAL_PARTNER-09-1536x863.jpg 1536w, https:\/\/futural-project.eu\/wp-content\/uploads\/2023\/06\/FUTURAL_PARTNER-09-370x208.jpg 370w, https:\/\/futural-project.eu\/wp-content\/uploads\/2023\/06\/FUTURAL_PARTNER-09-1290x725.jpg 1290w, https:\/\/futural-project.eu\/wp-content\/uploads\/2023\/06\/FUTURAL_PARTNER-09-840x472.jpg 840w, https:\/\/futural-project.eu\/wp-content\/uploads\/2023\/06\/FUTURAL_PARTNER-09-410x230.jpg 410w, https:\/\/futural-project.eu\/wp-content\/uploads\/2023\/06\/FUTURAL_PARTNER-09-270x152.jpg 270w, https:\/\/futural-project.eu\/wp-content\/uploads\/2023\/06\/FUTURAL_PARTNER-09.jpg 1667w\" sizes=\"(max-width: 1024px) 100vw, 1024px\" \/>\t\t\t\t\t\t\t\t\t\t\t\t\t\t\t<\/div>\n\t\t\t\t<\/div>\n\t\t\t\t<div class=\"elementor-element elementor-element-9a9c3e1 sc_fly_static elementor-widget elementor-widget-spacer\" data-id=\"9a9c3e1\" data-element_type=\"widget\" data-e-type=\"widget\" data-widget_type=\"spacer.default\">\n\t\t\t\t<div class=\"elementor-widget-container\">\n\t\t\t\t\t\t\t<div class=\"elementor-spacer\">\n\t\t\t<div class=\"elementor-spacer-inner\"><\/div>\n\t\t<\/div>\n\t\t\t\t\t\t<\/div>\n\t\t\t\t<\/div>\n\t\t\t\t<div class=\"elementor-element elementor-element-6c2a89a sc_fly_static elementor-widget elementor-widget-spacer\" data-id=\"6c2a89a\" data-element_type=\"widget\" data-e-type=\"widget\" data-widget_type=\"spacer.default\">\n\t\t\t\t<div class=\"elementor-widget-container\">\n\t\t\t\t\t\t\t<div class=\"elementor-spacer\">\n\t\t\t<div class=\"elementor-spacer-inner\"><\/div>\n\t\t<\/div>\n\t\t\t\t\t\t<\/div>\n\t\t\t\t<\/div>\n\t\t\t\t<div class=\"elementor-element elementor-element-de8c910 sc_fly_static elementor-widget elementor-widget-trx_sc_title\" data-id=\"de8c910\" data-element_type=\"widget\" data-e-type=\"widget\" data-widget_type=\"trx_sc_title.default\">\n\t\t\t\t<div class=\"elementor-widget-container\">\n\t\t\t\t\t<div\t\tclass=\"sc_title sc_title_accent\" ><span class=\"sc_item_subtitle sc_title_subtitle sc_item_subtitle_above sc_item_title_style_accent\">Pa\u00eds<\/span><h3 class=\"sc_item_title sc_title_title sc_item_title_style_accent sc_item_title_tag\"\n\t\t\t><span class=\"sc_item_title_text\">Lituania<\/span><\/h3><\/div>\t\t\t\t<\/div>\n\t\t\t\t<\/div>\n\t\t\t\t\t<\/div>\n\t\t<\/div>\n\t\t\t\t\t<\/div>\n\t\t<\/section>\n\t\t\t\t\t<\/div>\n\t\t<\/div>\n\t\t\t\t<div class=\"elementor-column elementor-col-50 elementor-top-column elementor-element elementor-element-4e371a2 sc_content_align_inherit sc_layouts_column_icons_position_left sc_fly_static\" data-id=\"4e371a2\" data-element_type=\"column\" data-e-type=\"column\">\n\t\t\t<div class=\"elementor-widget-wrap elementor-element-populated\">\n\t\t\t\t\t\t<div class=\"elementor-element elementor-element-7dae580 no-title sc_fly_static elementor-widget elementor-widget-image\" data-id=\"7dae580\" data-element_type=\"widget\" data-e-type=\"widget\" data-widget_type=\"image.default\">\n\t\t\t\t<div class=\"elementor-widget-container\">\n\t\t\t\t\t\t\t\t\t\t\t\t\t\t\t<img decoding=\"async\" width=\"720\" height=\"720\" src=\"https:\/\/futural-project.eu\/wp-content\/uploads\/2023\/08\/art21-1.jpg\" class=\"attachment-full size-full wp-image-23761\" alt=\"\" srcset=\"https:\/\/futural-project.eu\/wp-content\/uploads\/2023\/08\/art21-1.jpg 720w, https:\/\/futural-project.eu\/wp-content\/uploads\/2023\/08\/art21-1-300x300.jpg 300w, https:\/\/futural-project.eu\/wp-content\/uploads\/2023\/08\/art21-1-150x150.jpg 150w, https:\/\/futural-project.eu\/wp-content\/uploads\/2023\/08\/art21-1-370x370.jpg 370w, https:\/\/futural-project.eu\/wp-content\/uploads\/2023\/08\/art21-1-120x120.jpg 120w, https:\/\/futural-project.eu\/wp-content\/uploads\/2023\/08\/art21-1-410x410.jpg 410w\" sizes=\"(max-width: 720px) 100vw, 720px\" \/>\t\t\t\t\t\t\t\t\t\t\t\t\t\t\t<\/div>\n\t\t\t\t<\/div>\n\t\t\t\t<div class=\"elementor-element elementor-element-09da6c7 sc_height_medium sc_layouts_hide_on_mobile sc_layouts_hide_on_tablet sc_fly_static elementor-widget elementor-widget-spacer\" data-id=\"09da6c7\" data-element_type=\"widget\" data-e-type=\"widget\" data-widget_type=\"spacer.default\">\n\t\t\t\t<div class=\"elementor-widget-container\">\n\t\t\t\t\t\t\t<div class=\"elementor-spacer\">\n\t\t\t<div class=\"elementor-spacer-inner\"><\/div>\n\t\t<\/div>\n\t\t\t\t\t\t<\/div>\n\t\t\t\t<\/div>\n\t\t\t\t\t<\/div>\n\t\t<\/div>\n\t\t\t\t<div class=\"elementor-column elementor-col-25 elementor-top-column elementor-element elementor-element-a44ecba sc_content_align_inherit sc_layouts_column_icons_position_left sc_fly_static\" data-id=\"a44ecba\" data-element_type=\"column\" data-e-type=\"column\">\n\t\t\t<div class=\"elementor-widget-wrap elementor-element-populated\">\n\t\t\t\t\t\t<div class=\"elementor-element elementor-element-48e5d7c sc_height_small sc_fly_static elementor-widget elementor-widget-spacer\" data-id=\"48e5d7c\" data-element_type=\"widget\" data-e-type=\"widget\" data-widget_type=\"spacer.default\">\n\t\t\t\t<div class=\"elementor-widget-container\">\n\t\t\t\t\t\t\t<div class=\"elementor-spacer\">\n\t\t\t<div class=\"elementor-spacer-inner\"><\/div>\n\t\t<\/div>\n\t\t\t\t\t\t<\/div>\n\t\t\t\t<\/div>\n\t\t\t\t<section data-animation-type=\"block\" data-parallax-params=\"{&quot;parallax&quot;:1,&quot;flow&quot;:&quot;default&quot;,&quot;crop&quot;:&quot;none&quot;,&quot;ease&quot;:&quot;power2&quot;,&quot;transition&quot;:1,&quot;duration&quot;:1,&quot;delay&quot;:0,&quot;squeeze&quot;:1,&quot;text&quot;:&quot;block&quot;,&quot;text_separate&quot;:0,&quot;text_wrap&quot;:0,&quot;mouse&quot;:0,&quot;mouse_type&quot;:&quot;transform3d&quot;,&quot;mouse_tilt_amount&quot;:70,&quot;mouse_speed&quot;:10,&quot;mouse_z&quot;:&quot;&quot;,&quot;mouse_handler&quot;:&quot;row&quot;,&quot;range_start&quot;:0,&quot;range_end&quot;:40,&quot;sticky_offset&quot;:0,&quot;lag&quot;:0,&quot;x_start&quot;:0,&quot;x_start_unit&quot;:&quot;px&quot;,&quot;x_end&quot;:0,&quot;x_end_unit&quot;:&quot;px&quot;,&quot;y_start&quot;:0,&quot;y_start_unit&quot;:&quot;px&quot;,&quot;y_end&quot;:30,&quot;y_end_unit&quot;:&quot;px&quot;,&quot;scale_start&quot;:100,&quot;scale_end&quot;:100,&quot;rotate_start&quot;:0,&quot;rotate_end&quot;:0,&quot;opacity_start&quot;:1,&quot;opacity_end&quot;:1,&quot;crop_start&quot;:0,&quot;crop_end&quot;:100,&quot;blur_start&quot;:0,&quot;blur_end&quot;:0,&quot;backdrop_blur_start&quot;:0,&quot;backdrop_blur_end&quot;:0}\" class=\"trx_addons_has_bg_text elementor-section elementor-inner-section elementor-element elementor-element-aec6388 scheme_dark sc_parallax elementor-section-boxed elementor-section-height-default elementor-section-height-default animation_type_block sc_fly_static sc_parallax_default elementor-invisible\" data-bg-text=\"{&quot;bg_text&quot;:&quot;Contact&quot;,&quot;bg_text_effect&quot;:&quot;slide&quot;,&quot;bg_text_overlay&quot;:{&quot;url&quot;:&quot;&quot;},&quot;bg_text_left&quot;:{&quot;unit&quot;:&quot;%&quot;,&quot;size&quot;:10,&quot;sizes&quot;:[]},&quot;bg_text_top&quot;:{&quot;unit&quot;:&quot;%&quot;,&quot;size&quot;:5,&quot;sizes&quot;:[]},&quot;bg_text_z_index&quot;:{&quot;size&quot;:&quot;0&quot;,&quot;unit&quot;:&quot;px&quot;},&quot;bg_text_marquee&quot;:{&quot;unit&quot;:&quot;px&quot;,&quot;size&quot;:&quot;&quot;,&quot;sizes&quot;:[]},&quot;bg_text_marquee_hover&quot;:&quot;&quot;,&quot;bg_text_marquee_margin&quot;:{&quot;size&quot;:&quot;50&quot;,&quot;unit&quot;:&quot;px&quot;},&quot;bg_text_reverse&quot;:0,&quot;bg_text_accelerate&quot;:0,&quot;bg_text_delimiter_icon&quot;:&quot;&quot;,&quot;bg_text_delimiter_image&quot;:&quot;&quot;,&quot;bg_text_delimiter_svg&quot;:&quot;&quot;,&quot;bg_text_delimiter_rotation&quot;:0}\" data-id=\"aec6388\" data-element_type=\"section\" data-e-type=\"section\" data-settings=\"{&quot;background_background&quot;:&quot;classic&quot;,&quot;animation&quot;:&quot;fadeIn&quot;,&quot;animation_delay&quot;:300}\">\n\t\t\t\t\t\t<div class=\"elementor-container elementor-column-gap-no\">\n\t\t\t\t\t<div class=\"elementor-column elementor-col-100 elementor-inner-column elementor-element elementor-element-f6fbf22 sc_content_align_inherit sc_layouts_column_icons_position_left sc_fly_static\" data-id=\"f6fbf22\" data-element_type=\"column\" data-e-type=\"column\">\n\t\t\t<div class=\"elementor-widget-wrap elementor-element-populated\">\n\t\t\t\t\t\t<div class=\"elementor-element elementor-element-83d685b sc_fly_static elementor-widget elementor-widget-trx_sc_title\" data-id=\"83d685b\" data-element_type=\"widget\" data-e-type=\"widget\" data-widget_type=\"trx_sc_title.default\">\n\t\t\t\t<div class=\"elementor-widget-container\">\n\t\t\t\t\t<div\t\tclass=\"sc_title sc_title_default\" ><h3 class=\"sc_item_title sc_title_title sc_item_title_style_default sc_item_title_tag\"\n\t\t\t><span class=\"sc_item_title_text\">Contacto<\/span><\/h3><\/div>\t\t\t\t<\/div>\n\t\t\t\t<\/div>\n\t\t\t\t<div class=\"elementor-element elementor-element-0aec98f sc_fly_static elementor-widget elementor-widget-spacer\" data-id=\"0aec98f\" data-element_type=\"widget\" data-e-type=\"widget\" data-widget_type=\"spacer.default\">\n\t\t\t\t<div class=\"elementor-widget-container\">\n\t\t\t\t\t\t\t<div class=\"elementor-spacer\">\n\t\t\t<div class=\"elementor-spacer-inner\"><\/div>\n\t\t<\/div>\n\t\t\t\t\t\t<\/div>\n\t\t\t\t<\/div>\n\t\t\t\t<div class=\"elementor-element elementor-element-889825c sc_fly_static elementor-widget elementor-widget-text-editor\" data-id=\"889825c\" data-element_type=\"widget\" data-e-type=\"widget\" data-widget_type=\"text-editor.default\">\n\t\t\t\t<div class=\"elementor-widget-container\">\n\t\t\t\t\t\t\t\t\t<p>Don<\/p>\t\t\t\t\t\t\t\t<\/div>\n\t\t\t\t<\/div>\n\t\t\t\t<div class=\"elementor-element elementor-element-6254c9d sc_fly_static elementor-widget elementor-widget-text-editor\" data-id=\"6254c9d\" data-element_type=\"widget\" data-e-type=\"widget\" data-widget_type=\"text-editor.default\">\n\t\t\t\t<div class=\"elementor-widget-container\">\n\t\t\t\t\t\t\t\t\t<h5>Thomas Gitsoudis<\/h5>\t\t\t\t\t\t\t\t<\/div>\n\t\t\t\t<\/div>\n\t\t\t\t<div class=\"elementor-element elementor-element-ba3e04e sc_fly_static elementor-widget elementor-widget-trx_sc_button\" data-id=\"ba3e04e\" data-element_type=\"widget\" data-e-type=\"widget\" data-widget_type=\"trx_sc_button.default\">\n\t\t\t\t<div class=\"elementor-widget-container\">\n\t\t\t\t\t<div\tclass=\"sc_item_button sc_button_wrap\" ><a href=\"mailto:thomas.g@art21.lt\" class=\"sc_button sc_button_simple sc_button_size_normal sc_button_icon_left color_style_dark\" ><span class=\"sc_button_text\"><span class=\"sc_button_title\">thomas.g@art21.lt<\/span><\/span><\/a><\/div>\t\t\t\t<\/div>\n\t\t\t\t<\/div>\n\t\t\t\t<div class=\"elementor-element elementor-element-135c62f sc_fly_static elementor-widget elementor-widget-spacer\" data-id=\"135c62f\" data-element_type=\"widget\" data-e-type=\"widget\" data-widget_type=\"spacer.default\">\n\t\t\t\t<div class=\"elementor-widget-container\">\n\t\t\t\t\t\t\t<div class=\"elementor-spacer\">\n\t\t\t<div class=\"elementor-spacer-inner\"><\/div>\n\t\t<\/div>\n\t\t\t\t\t\t<\/div>\n\t\t\t\t<\/div>\n\t\t\t\t<div class=\"elementor-element elementor-element-725a600 sc_fly_static elementor-widget elementor-widget-trx_sc_button\" data-id=\"725a600\" data-element_type=\"widget\" data-e-type=\"widget\" data-widget_type=\"trx_sc_button.default\">\n\t\t\t\t<div class=\"elementor-widget-container\">\n\t\t\t\t\t<div\tclass=\"sc_item_button sc_button_wrap\" ><a href=\"https:\/\/art21.lt\/en\/index.html\" class=\"sc_button sc_button_bordered sc_button_size_small sc_button_icon_left color_style_dark\" ><span class=\"sc_button_text\"><span class=\"sc_button_title\">Sitio web<\/span><\/span><\/a><\/div>\t\t\t\t<\/div>\n\t\t\t\t<\/div>\n\t\t\t\t\t<\/div>\n\t\t<\/div>\n\t\t\t\t\t<\/div>\n\t\t<\/section>\n\t\t\t\t\t<\/div>\n\t\t<\/div>\n\t\t\t\t\t<\/div>\n\t\t<\/section>\n\t\t<div class=\"elementor-element elementor-element-3c0ba83 e-flex e-con-boxed sc_layouts_column_icons_position_left e-con e-parent\" data-id=\"3c0ba83\" data-element_type=\"container\" data-e-type=\"container\">\n\t\t\t\t\t<div class=\"e-con-inner\">\n\t\t\t\t<div class=\"elementor-element elementor-element-86ed046 sc_fly_static elementor-widget elementor-widget-spacer\" data-id=\"86ed046\" data-element_type=\"widget\" data-e-type=\"widget\" data-widget_type=\"spacer.default\">\n\t\t\t\t<div class=\"elementor-widget-container\">\n\t\t\t\t\t\t\t<div class=\"elementor-spacer\">\n\t\t\t<div class=\"elementor-spacer-inner\"><\/div>\n\t\t<\/div>\n\t\t\t\t\t\t<\/div>\n\t\t\t\t<\/div>\n\t\t\t\t<div class=\"elementor-element elementor-element-d90b76a sc_fly_static elementor-widget elementor-widget-trx_sc_title\" data-id=\"d90b76a\" data-element_type=\"widget\" data-e-type=\"widget\" data-widget_type=\"trx_sc_title.default\">\n\t\t\t\t<div class=\"elementor-widget-container\">\n\t\t\t\t\t<div\t\tclass=\"sc_title sc_title_default\" ><h2 class=\"sc_item_title sc_title_title sc_item_title_style_default translation-block\"\n\t\t\t><span class=\"sc_item_title_text\">Sobre <\/span><span class=\"sc_item_title_text2\"> ART21<\/span><span class=\"sc_item_title_text\"><\/span><\/h2><div class=\"sc_item_descr sc_title_descr\"><p>ART21 es una casa boutique de innovaci\u00f3n que ofrece soluciones AgriFood Tech que dan forma al futuro de la agricultura, la alimentaci\u00f3n y los sectores asociados con experiencia en bioeconom\u00eda circular y dominios avanzados de TIC como inteligencia artificial y an\u00e1lisis de datos, espectrometr\u00eda y teledetecci\u00f3n, utilizaci\u00f3n de EO, UAV y GIS. -tecnolog\u00edas basadas en IoT y Rob\u00f3tica, sistemas TIC distribuidos y soluciones ERP industriales.<\/p>\n<\/div><\/div>\t\t\t\t<\/div>\n\t\t\t\t<\/div>\n\t\t\t\t<div class=\"elementor-element elementor-element-d525165 sc_fly_static elementor-widget elementor-widget-spacer\" data-id=\"d525165\" data-element_type=\"widget\" data-e-type=\"widget\" data-widget_type=\"spacer.default\">\n\t\t\t\t<div class=\"elementor-widget-container\">\n\t\t\t\t\t\t\t<div class=\"elementor-spacer\">\n\t\t\t<div class=\"elementor-spacer-inner\"><\/div>\n\t\t<\/div>\n\t\t\t\t\t\t<\/div>\n\t\t\t\t<\/div>\n\t\t\t\t<div class=\"elementor-element elementor-element-6be7a92 sc_fly_static elementor-widget elementor-widget-trx_sc_title\" data-id=\"6be7a92\" data-element_type=\"widget\" data-e-type=\"widget\" data-widget_type=\"trx_sc_title.default\">\n\t\t\t\t<div class=\"elementor-widget-container\">\n\t\t\t\t\t<div\t\tclass=\"sc_title sc_title_default\" ><h2 class=\"sc_item_title sc_title_title sc_item_title_style_default translation-block\"\n\t\t\t><span class=\"sc_item_title_text\">Rol <\/span><span class=\"sc_item_title_text2\">en el proyecto<\/span><span class=\"sc_item_title_text\"><\/span><\/h2><div class=\"sc_item_descr sc_title_descr\"><p>Participaci\u00f3n en: Codesarrollo de: (i) la Bioeconom\u00eda Circular SS; y (ii) el SS de Gesti\u00f3n del Ecosistema, Implementaci\u00f3n, gesti\u00f3n y evaluaci\u00f3n de las actividades del MAP, Desarrollo de directrices y material para el desarrollo de capacidades, FUTU, eventos RAL EU-RIF, Integraci\u00f3n de la Soluci\u00f3n Inteligente en la Plataforma de Metab\u00fasqueda, Creaci\u00f3n de una ontolog\u00eda sobre los identificados fuentes de datos, metab\u00fasqueda para la conectividad con los mercados existentes, plan de difusi\u00f3n, explotaci\u00f3n y comunicaci\u00f3n, creaci\u00f3n y participaci\u00f3n de ecosistemas, modelado de negocios, formulaci\u00f3n de recomendaciones de pol\u00edticas y marcos de gobernanza, conjunto de herramientas de pol\u00edticas para la adopci\u00f3n de soluciones inteligentes para comunidades rurales inteligentes<\/p>\n<\/div><\/div>\t\t\t\t<\/div>\n\t\t\t\t<\/div>\n\t\t\t\t<div class=\"elementor-element elementor-element-06f6a88 sc_height_medium sc_fly_static elementor-widget elementor-widget-spacer\" data-id=\"06f6a88\" data-element_type=\"widget\" data-e-type=\"widget\" data-widget_type=\"spacer.default\">\n\t\t\t\t<div class=\"elementor-widget-container\">\n\t\t\t\t\t\t\t<div class=\"elementor-spacer\">\n\t\t\t<div class=\"elementor-spacer-inner\"><\/div>\n\t\t<\/div>\n\t\t\t\t\t\t<\/div>\n\t\t\t\t<\/div>\n\t\t\t\t\t<\/div>\n\t\t\t\t<\/div>\n\t\t\t\t<\/div>","protected":false},"excerpt":{"rendered":"<p>Country Lithuania Contact Mr Thomas Gitsoudis thomas.g@art21.lt Website About ART21 ART21 is a boutique innovation house delivering AgriFood Tech solutions that shape the future of agriculture, food and associated sectors&hellip;<\/p>","protected":false},"author":1,"featured_media":22470,"parent":23027,"menu_order":6,"comment_status":"closed","ping_status":"closed","template":"","meta":{"iawp_total_views":95,"footnotes":""},"class_list":["post-23487","page","type-page","status-publish","has-post-thumbnail","hentry"],"_links":{"self":[{"href":"https:\/\/futural-project.eu\/es\/wp-json\/wp\/v2\/pages\/23487","targetHints":{"allow":["GET"]}}],"collection":[{"href":"https:\/\/futural-project.eu\/es\/wp-json\/wp\/v2\/pages"}],"about":[{"href":"https:\/\/futural-project.eu\/es\/wp-json\/wp\/v2\/types\/page"}],"author":[{"embeddable":true,"href":"https:\/\/futural-project.eu\/es\/wp-json\/wp\/v2\/users\/1"}],"replies":[{"embeddable":true,"href":"https:\/\/futural-project.eu\/es\/wp-json\/wp\/v2\/comments?post=23487"}],"version-history":[{"count":15,"href":"https:\/\/futural-project.eu\/es\/wp-json\/wp\/v2\/pages\/23487\/revisions"}],"predecessor-version":[{"id":24016,"href":"https:\/\/futural-project.eu\/es\/wp-json\/wp\/v2\/pages\/23487\/revisions\/24016"}],"up":[{"embeddable":true,"href":"https:\/\/futural-project.eu\/es\/wp-json\/wp\/v2\/pages\/23027"}],"wp:featuredmedia":[{"embeddable":true,"href":"https:\/\/futural-project.eu\/es\/wp-json\/wp\/v2\/media\/22470"}],"wp:attachment":[{"href":"https:\/\/futural-project.eu\/es\/wp-json\/wp\/v2\/media?parent=23487"}],"curies":[{"name":"wp","href":"https:\/\/api.w.org\/{rel}","templated":true}]}}