{"id":23498,"date":"2023-08-23T12:46:04","date_gmt":"2023-08-23T12:46:04","guid":{"rendered":"https:\/\/futural-project.eu\/futural-partners\/foodscale-hub-copy-2\/"},"modified":"2023-12-04T09:00:26","modified_gmt":"2023-12-04T09:00:26","slug":"ihe-delft","status":"publish","type":"page","link":"https:\/\/futural-project.eu\/fr\/futural-partners\/ihe-delft\/","title":{"rendered":"IHE Delft"},"content":{"rendered":"<div data-elementor-type=\"wp-page\" data-elementor-id=\"23498\" class=\"elementor elementor-23498\" data-elementor-post-type=\"page\">\n\t\t\t\t\t\t<section class=\"elementor-section elementor-top-section elementor-element elementor-element-f702280 elementor-section-boxed elementor-section-height-default elementor-section-height-default sc_fly_static\" data-id=\"f702280\" data-element_type=\"section\" data-e-type=\"section\">\n\t\t\t\t\t\t<div class=\"elementor-container elementor-column-gap-no\">\n\t\t\t\t\t<div class=\"elementor-column elementor-col-25 elementor-top-column elementor-element elementor-element-01f9221 sc_content_align_inherit sc_layouts_column_icons_position_left sc_fly_static\" data-id=\"01f9221\" data-element_type=\"column\" data-e-type=\"column\">\n\t\t\t<div class=\"elementor-widget-wrap elementor-element-populated\">\n\t\t\t\t\t\t<section data-animation-type=\"block\" data-parallax-params=\"{&quot;parallax&quot;:1,&quot;flow&quot;:&quot;default&quot;,&quot;crop&quot;:&quot;none&quot;,&quot;ease&quot;:&quot;power2&quot;,&quot;transition&quot;:1,&quot;duration&quot;:1,&quot;delay&quot;:0,&quot;squeeze&quot;:1,&quot;text&quot;:&quot;block&quot;,&quot;text_separate&quot;:0,&quot;text_wrap&quot;:0,&quot;mouse&quot;:0,&quot;mouse_type&quot;:&quot;transform3d&quot;,&quot;mouse_tilt_amount&quot;:70,&quot;mouse_speed&quot;:10,&quot;mouse_z&quot;:&quot;&quot;,&quot;mouse_handler&quot;:&quot;row&quot;,&quot;range_start&quot;:0,&quot;range_end&quot;:40,&quot;sticky_offset&quot;:0,&quot;lag&quot;:0,&quot;x_start&quot;:0,&quot;x_start_unit&quot;:&quot;px&quot;,&quot;x_end&quot;:0,&quot;x_end_unit&quot;:&quot;px&quot;,&quot;y_start&quot;:0,&quot;y_start_unit&quot;:&quot;px&quot;,&quot;y_end&quot;:-30,&quot;y_end_unit&quot;:&quot;px&quot;,&quot;scale_start&quot;:100,&quot;scale_end&quot;:100,&quot;rotate_start&quot;:0,&quot;rotate_end&quot;:0,&quot;opacity_start&quot;:1,&quot;opacity_end&quot;:1,&quot;crop_start&quot;:0,&quot;crop_end&quot;:100,&quot;blur_start&quot;:0,&quot;blur_end&quot;:0,&quot;backdrop_blur_start&quot;:0,&quot;backdrop_blur_end&quot;:0}\" class=\"trx_addons_has_bg_text elementor-section elementor-inner-section elementor-element elementor-element-f9fc061 scheme_default sc_parallax elementor-section-boxed elementor-section-height-default elementor-section-height-default animation_type_block sc_fly_static sc_parallax_default elementor-invisible\" data-bg-text=\"{&quot;bg_text&quot;:&quot;IHE Delft&quot;,&quot;bg_text_effect&quot;:&quot;slide&quot;,&quot;bg_text_overlay&quot;:{&quot;url&quot;:&quot;&quot;},&quot;bg_text_left&quot;:{&quot;unit&quot;:&quot;%&quot;,&quot;size&quot;:-60,&quot;sizes&quot;:[]},&quot;bg_text_top&quot;:{&quot;unit&quot;:&quot;%&quot;,&quot;size&quot;:-60,&quot;sizes&quot;:[]},&quot;bg_text_z_index&quot;:{&quot;size&quot;:&quot;0&quot;,&quot;unit&quot;:&quot;px&quot;},&quot;bg_text_marquee&quot;:{&quot;unit&quot;:&quot;px&quot;,&quot;size&quot;:&quot;&quot;,&quot;sizes&quot;:[]},&quot;bg_text_marquee_hover&quot;:&quot;&quot;,&quot;bg_text_marquee_margin&quot;:{&quot;size&quot;:&quot;50&quot;,&quot;unit&quot;:&quot;px&quot;},&quot;bg_text_reverse&quot;:0,&quot;bg_text_accelerate&quot;:0,&quot;bg_text_delimiter_icon&quot;:&quot;&quot;,&quot;bg_text_delimiter_image&quot;:&quot;&quot;,&quot;bg_text_delimiter_svg&quot;:&quot;&quot;,&quot;bg_text_delimiter_rotation&quot;:0}\" data-id=\"f9fc061\" data-element_type=\"section\" data-e-type=\"section\" data-settings=\"{&quot;background_background&quot;:&quot;classic&quot;,&quot;animation&quot;:&quot;fadeIn&quot;,&quot;animation_delay&quot;:300}\">\n\t\t\t\t\t\t<div class=\"elementor-container elementor-column-gap-no\">\n\t\t\t\t\t<div class=\"elementor-column elementor-col-100 elementor-inner-column elementor-element elementor-element-165661d sc_content_align_inherit sc_layouts_column_icons_position_left sc_fly_static\" data-id=\"165661d\" data-element_type=\"column\" data-e-type=\"column\">\n\t\t\t<div class=\"elementor-widget-wrap elementor-element-populated\">\n\t\t\t\t\t\t<div class=\"elementor-element elementor-element-691d28f sc_fly_static elementor-widget elementor-widget-image\" data-id=\"691d28f\" data-element_type=\"widget\" data-e-type=\"widget\" data-widget_type=\"image.default\">\n\t\t\t\t<div class=\"elementor-widget-container\">\n\t\t\t\t\t\t\t\t\t\t\t\t\t\t\t<img fetchpriority=\"high\" decoding=\"async\" width=\"1024\" height=\"576\" src=\"https:\/\/futural-project.eu\/wp-content\/uploads\/2023\/06\/FUTURAL_PARTNER-10-1024x576.jpg\" class=\"attachment-large size-large wp-image-22471\" alt=\"\" srcset=\"https:\/\/futural-project.eu\/wp-content\/uploads\/2023\/06\/FUTURAL_PARTNER-10-1024x576.jpg 1024w, https:\/\/futural-project.eu\/wp-content\/uploads\/2023\/06\/FUTURAL_PARTNER-10-300x169.jpg 300w, https:\/\/futural-project.eu\/wp-content\/uploads\/2023\/06\/FUTURAL_PARTNER-10-768x432.jpg 768w, https:\/\/futural-project.eu\/wp-content\/uploads\/2023\/06\/FUTURAL_PARTNER-10-1536x863.jpg 1536w, https:\/\/futural-project.eu\/wp-content\/uploads\/2023\/06\/FUTURAL_PARTNER-10-370x208.jpg 370w, https:\/\/futural-project.eu\/wp-content\/uploads\/2023\/06\/FUTURAL_PARTNER-10-1290x725.jpg 1290w, https:\/\/futural-project.eu\/wp-content\/uploads\/2023\/06\/FUTURAL_PARTNER-10-840x472.jpg 840w, https:\/\/futural-project.eu\/wp-content\/uploads\/2023\/06\/FUTURAL_PARTNER-10-410x230.jpg 410w, https:\/\/futural-project.eu\/wp-content\/uploads\/2023\/06\/FUTURAL_PARTNER-10-270x152.jpg 270w, https:\/\/futural-project.eu\/wp-content\/uploads\/2023\/06\/FUTURAL_PARTNER-10.jpg 1667w\" sizes=\"(max-width: 1024px) 100vw, 1024px\" \/>\t\t\t\t\t\t\t\t\t\t\t\t\t\t\t<\/div>\n\t\t\t\t<\/div>\n\t\t\t\t<div class=\"elementor-element elementor-element-9a9c3e1 sc_fly_static elementor-widget elementor-widget-spacer\" data-id=\"9a9c3e1\" data-element_type=\"widget\" data-e-type=\"widget\" data-widget_type=\"spacer.default\">\n\t\t\t\t<div class=\"elementor-widget-container\">\n\t\t\t\t\t\t\t<div class=\"elementor-spacer\">\n\t\t\t<div class=\"elementor-spacer-inner\"><\/div>\n\t\t<\/div>\n\t\t\t\t\t\t<\/div>\n\t\t\t\t<\/div>\n\t\t\t\t<div class=\"elementor-element elementor-element-6c2a89a sc_fly_static elementor-widget elementor-widget-spacer\" data-id=\"6c2a89a\" data-element_type=\"widget\" data-e-type=\"widget\" data-widget_type=\"spacer.default\">\n\t\t\t\t<div class=\"elementor-widget-container\">\n\t\t\t\t\t\t\t<div class=\"elementor-spacer\">\n\t\t\t<div class=\"elementor-spacer-inner\"><\/div>\n\t\t<\/div>\n\t\t\t\t\t\t<\/div>\n\t\t\t\t<\/div>\n\t\t\t\t<div class=\"elementor-element elementor-element-de8c910 sc_fly_static elementor-widget elementor-widget-trx_sc_title\" data-id=\"de8c910\" data-element_type=\"widget\" data-e-type=\"widget\" data-widget_type=\"trx_sc_title.default\">\n\t\t\t\t<div class=\"elementor-widget-container\">\n\t\t\t\t\t<div\t\tclass=\"sc_title sc_title_accent\" ><span class=\"sc_item_subtitle sc_title_subtitle sc_item_subtitle_above sc_item_title_style_accent\">Pays<\/span><h3 class=\"sc_item_title sc_title_title sc_item_title_style_accent sc_item_title_tag\"\n\t\t\t><span class=\"sc_item_title_text\">Pays-Bas<\/span><\/h3><\/div>\t\t\t\t<\/div>\n\t\t\t\t<\/div>\n\t\t\t\t\t<\/div>\n\t\t<\/div>\n\t\t\t\t\t<\/div>\n\t\t<\/section>\n\t\t\t\t\t<\/div>\n\t\t<\/div>\n\t\t\t\t<div class=\"elementor-column elementor-col-50 elementor-top-column elementor-element elementor-element-4e371a2 sc_content_align_inherit sc_layouts_column_icons_position_left sc_fly_static\" data-id=\"4e371a2\" data-element_type=\"column\" data-e-type=\"column\">\n\t\t\t<div class=\"elementor-widget-wrap elementor-element-populated\">\n\t\t\t\t\t\t<div class=\"elementor-element elementor-element-7dae580 no-title sc_fly_static elementor-widget elementor-widget-image\" data-id=\"7dae580\" data-element_type=\"widget\" data-e-type=\"widget\" data-widget_type=\"image.default\">\n\t\t\t\t<div class=\"elementor-widget-container\">\n\t\t\t\t\t\t\t\t\t\t\t\t\t\t\t<img decoding=\"async\" width=\"528\" height=\"528\" src=\"https:\/\/futural-project.eu\/wp-content\/uploads\/2023\/08\/ihe-delft-1.jpg\" class=\"attachment-full size-full wp-image-23683\" alt=\"\" srcset=\"https:\/\/futural-project.eu\/wp-content\/uploads\/2023\/08\/ihe-delft-1.jpg 528w, https:\/\/futural-project.eu\/wp-content\/uploads\/2023\/08\/ihe-delft-1-300x300.jpg 300w, https:\/\/futural-project.eu\/wp-content\/uploads\/2023\/08\/ihe-delft-1-150x150.jpg 150w, https:\/\/futural-project.eu\/wp-content\/uploads\/2023\/08\/ihe-delft-1-370x370.jpg 370w, https:\/\/futural-project.eu\/wp-content\/uploads\/2023\/08\/ihe-delft-1-120x120.jpg 120w, https:\/\/futural-project.eu\/wp-content\/uploads\/2023\/08\/ihe-delft-1-410x410.jpg 410w\" sizes=\"(max-width: 600px) 100vw, 528px\" \/>\t\t\t\t\t\t\t\t\t\t\t\t\t\t\t<\/div>\n\t\t\t\t<\/div>\n\t\t\t\t<div class=\"elementor-element elementor-element-09da6c7 sc_height_medium sc_layouts_hide_on_mobile sc_layouts_hide_on_tablet sc_fly_static elementor-widget elementor-widget-spacer\" data-id=\"09da6c7\" data-element_type=\"widget\" data-e-type=\"widget\" data-widget_type=\"spacer.default\">\n\t\t\t\t<div class=\"elementor-widget-container\">\n\t\t\t\t\t\t\t<div class=\"elementor-spacer\">\n\t\t\t<div class=\"elementor-spacer-inner\"><\/div>\n\t\t<\/div>\n\t\t\t\t\t\t<\/div>\n\t\t\t\t<\/div>\n\t\t\t\t\t<\/div>\n\t\t<\/div>\n\t\t\t\t<div class=\"elementor-column elementor-col-25 elementor-top-column elementor-element elementor-element-a44ecba sc_content_align_inherit sc_layouts_column_icons_position_left sc_fly_static\" data-id=\"a44ecba\" data-element_type=\"column\" data-e-type=\"column\">\n\t\t\t<div class=\"elementor-widget-wrap elementor-element-populated\">\n\t\t\t\t\t\t<div class=\"elementor-element elementor-element-48e5d7c sc_height_small sc_fly_static elementor-widget elementor-widget-spacer\" data-id=\"48e5d7c\" data-element_type=\"widget\" data-e-type=\"widget\" data-widget_type=\"spacer.default\">\n\t\t\t\t<div class=\"elementor-widget-container\">\n\t\t\t\t\t\t\t<div class=\"elementor-spacer\">\n\t\t\t<div class=\"elementor-spacer-inner\"><\/div>\n\t\t<\/div>\n\t\t\t\t\t\t<\/div>\n\t\t\t\t<\/div>\n\t\t\t\t<section data-animation-type=\"block\" data-parallax-params=\"{&quot;parallax&quot;:1,&quot;flow&quot;:&quot;default&quot;,&quot;crop&quot;:&quot;none&quot;,&quot;ease&quot;:&quot;power2&quot;,&quot;transition&quot;:1,&quot;duration&quot;:1,&quot;delay&quot;:0,&quot;squeeze&quot;:1,&quot;text&quot;:&quot;block&quot;,&quot;text_separate&quot;:0,&quot;text_wrap&quot;:0,&quot;mouse&quot;:0,&quot;mouse_type&quot;:&quot;transform3d&quot;,&quot;mouse_tilt_amount&quot;:70,&quot;mouse_speed&quot;:10,&quot;mouse_z&quot;:&quot;&quot;,&quot;mouse_handler&quot;:&quot;row&quot;,&quot;range_start&quot;:0,&quot;range_end&quot;:40,&quot;sticky_offset&quot;:0,&quot;lag&quot;:0,&quot;x_start&quot;:0,&quot;x_start_unit&quot;:&quot;px&quot;,&quot;x_end&quot;:0,&quot;x_end_unit&quot;:&quot;px&quot;,&quot;y_start&quot;:0,&quot;y_start_unit&quot;:&quot;px&quot;,&quot;y_end&quot;:30,&quot;y_end_unit&quot;:&quot;px&quot;,&quot;scale_start&quot;:100,&quot;scale_end&quot;:100,&quot;rotate_start&quot;:0,&quot;rotate_end&quot;:0,&quot;opacity_start&quot;:1,&quot;opacity_end&quot;:1,&quot;crop_start&quot;:0,&quot;crop_end&quot;:100,&quot;blur_start&quot;:0,&quot;blur_end&quot;:0,&quot;backdrop_blur_start&quot;:0,&quot;backdrop_blur_end&quot;:0}\" class=\"trx_addons_has_bg_text elementor-section elementor-inner-section elementor-element elementor-element-aec6388 scheme_dark sc_parallax elementor-section-boxed elementor-section-height-default elementor-section-height-default animation_type_block sc_fly_static sc_parallax_default elementor-invisible\" data-bg-text=\"{&quot;bg_text&quot;:&quot;Contact&quot;,&quot;bg_text_effect&quot;:&quot;slide&quot;,&quot;bg_text_overlay&quot;:{&quot;url&quot;:&quot;&quot;},&quot;bg_text_left&quot;:{&quot;unit&quot;:&quot;%&quot;,&quot;size&quot;:10,&quot;sizes&quot;:[]},&quot;bg_text_top&quot;:{&quot;unit&quot;:&quot;%&quot;,&quot;size&quot;:5,&quot;sizes&quot;:[]},&quot;bg_text_z_index&quot;:{&quot;size&quot;:&quot;0&quot;,&quot;unit&quot;:&quot;px&quot;},&quot;bg_text_marquee&quot;:{&quot;unit&quot;:&quot;px&quot;,&quot;size&quot;:&quot;&quot;,&quot;sizes&quot;:[]},&quot;bg_text_marquee_hover&quot;:&quot;&quot;,&quot;bg_text_marquee_margin&quot;:{&quot;size&quot;:&quot;50&quot;,&quot;unit&quot;:&quot;px&quot;},&quot;bg_text_reverse&quot;:0,&quot;bg_text_accelerate&quot;:0,&quot;bg_text_delimiter_icon&quot;:&quot;&quot;,&quot;bg_text_delimiter_image&quot;:&quot;&quot;,&quot;bg_text_delimiter_svg&quot;:&quot;&quot;,&quot;bg_text_delimiter_rotation&quot;:0}\" data-id=\"aec6388\" data-element_type=\"section\" data-e-type=\"section\" data-settings=\"{&quot;background_background&quot;:&quot;classic&quot;,&quot;animation&quot;:&quot;fadeIn&quot;,&quot;animation_delay&quot;:300}\">\n\t\t\t\t\t\t<div class=\"elementor-container elementor-column-gap-no\">\n\t\t\t\t\t<div class=\"elementor-column elementor-col-100 elementor-inner-column elementor-element elementor-element-f6fbf22 sc_content_align_inherit sc_layouts_column_icons_position_left sc_fly_static\" data-id=\"f6fbf22\" data-element_type=\"column\" data-e-type=\"column\">\n\t\t\t<div class=\"elementor-widget-wrap elementor-element-populated\">\n\t\t\t\t\t\t<div class=\"elementor-element elementor-element-83d685b sc_fly_static elementor-widget elementor-widget-trx_sc_title\" data-id=\"83d685b\" data-element_type=\"widget\" data-e-type=\"widget\" data-widget_type=\"trx_sc_title.default\">\n\t\t\t\t<div class=\"elementor-widget-container\">\n\t\t\t\t\t<div\t\tclass=\"sc_title sc_title_default\" ><h3 class=\"sc_item_title sc_title_title sc_item_title_style_default sc_item_title_tag\"\n\t\t\t><span class=\"sc_item_title_text\">Contact<\/span><\/h3><\/div>\t\t\t\t<\/div>\n\t\t\t\t<\/div>\n\t\t\t\t<div class=\"elementor-element elementor-element-0aec98f sc_fly_static elementor-widget elementor-widget-spacer\" data-id=\"0aec98f\" data-element_type=\"widget\" data-e-type=\"widget\" data-widget_type=\"spacer.default\">\n\t\t\t\t<div class=\"elementor-widget-container\">\n\t\t\t\t\t\t\t<div class=\"elementor-spacer\">\n\t\t\t<div class=\"elementor-spacer-inner\"><\/div>\n\t\t<\/div>\n\t\t\t\t\t\t<\/div>\n\t\t\t\t<\/div>\n\t\t\t\t<div class=\"elementor-element elementor-element-889825c sc_fly_static elementor-widget elementor-widget-text-editor\" data-id=\"889825c\" data-element_type=\"widget\" data-e-type=\"widget\" data-widget_type=\"text-editor.default\">\n\t\t\t\t<div class=\"elementor-widget-container\">\n\t\t\t\t\t\t\t\t\t<p>Professeur d\u2019hydro-informatique<\/p>\t\t\t\t\t\t\t\t<\/div>\n\t\t\t\t<\/div>\n\t\t\t\t<div class=\"elementor-element elementor-element-6254c9d sc_fly_static elementor-widget elementor-widget-text-editor\" data-id=\"6254c9d\" data-element_type=\"widget\" data-e-type=\"widget\" data-widget_type=\"text-editor.default\">\n\t\t\t\t<div class=\"elementor-widget-container\">\n\t\t\t\t\t\t\t\t\t<h5>Ioana Popescu<\/h5>\t\t\t\t\t\t\t\t<\/div>\n\t\t\t\t<\/div>\n\t\t\t\t<div class=\"elementor-element elementor-element-ba3e04e sc_fly_static elementor-widget elementor-widget-trx_sc_button\" data-id=\"ba3e04e\" data-element_type=\"widget\" data-e-type=\"widget\" data-widget_type=\"trx_sc_button.default\">\n\t\t\t\t<div class=\"elementor-widget-container\">\n\t\t\t\t\t<div\tclass=\"sc_item_button sc_button_wrap\" ><a href=\"mailto:i.popescu@un-ihe.org\" class=\"sc_button sc_button_simple sc_button_size_normal sc_button_icon_left color_style_dark\" ><span class=\"sc_button_text\"><span class=\"sc_button_title\">i.popescu@un-ihe.org<\/span><\/span><\/a><\/div>\t\t\t\t<\/div>\n\t\t\t\t<\/div>\n\t\t\t\t<div class=\"elementor-element elementor-element-135c62f sc_fly_static elementor-widget elementor-widget-spacer\" data-id=\"135c62f\" data-element_type=\"widget\" data-e-type=\"widget\" data-widget_type=\"spacer.default\">\n\t\t\t\t<div class=\"elementor-widget-container\">\n\t\t\t\t\t\t\t<div class=\"elementor-spacer\">\n\t\t\t<div class=\"elementor-spacer-inner\"><\/div>\n\t\t<\/div>\n\t\t\t\t\t\t<\/div>\n\t\t\t\t<\/div>\n\t\t\t\t<div class=\"elementor-element elementor-element-725a600 sc_fly_static elementor-widget elementor-widget-trx_sc_button\" data-id=\"725a600\" data-element_type=\"widget\" data-e-type=\"widget\" data-widget_type=\"trx_sc_button.default\">\n\t\t\t\t<div class=\"elementor-widget-container\">\n\t\t\t\t\t<div\tclass=\"sc_item_button sc_button_wrap\" ><a href=\"http:\/\/www.un-ihe.org\" class=\"sc_button sc_button_bordered sc_button_size_small sc_button_icon_left color_style_dark\" ><span class=\"sc_button_text\"><span class=\"sc_button_title\">SITE WEB<\/span><\/span><\/a><\/div>\t\t\t\t<\/div>\n\t\t\t\t<\/div>\n\t\t\t\t\t<\/div>\n\t\t<\/div>\n\t\t\t\t\t<\/div>\n\t\t<\/section>\n\t\t\t\t\t<\/div>\n\t\t<\/div>\n\t\t\t\t\t<\/div>\n\t\t<\/section>\n\t\t<div class=\"elementor-element elementor-element-3c0ba83 e-flex e-con-boxed sc_layouts_column_icons_position_left e-con e-parent\" data-id=\"3c0ba83\" data-element_type=\"container\" data-e-type=\"container\">\n\t\t\t\t\t<div class=\"e-con-inner\">\n\t\t\t\t<div class=\"elementor-element elementor-element-86ed046 sc_fly_static elementor-widget elementor-widget-spacer\" data-id=\"86ed046\" data-element_type=\"widget\" data-e-type=\"widget\" data-widget_type=\"spacer.default\">\n\t\t\t\t<div class=\"elementor-widget-container\">\n\t\t\t\t\t\t\t<div class=\"elementor-spacer\">\n\t\t\t<div class=\"elementor-spacer-inner\"><\/div>\n\t\t<\/div>\n\t\t\t\t\t\t<\/div>\n\t\t\t\t<\/div>\n\t\t\t\t<div class=\"elementor-element elementor-element-d90b76a sc_fly_static elementor-widget elementor-widget-trx_sc_title\" data-id=\"d90b76a\" data-element_type=\"widget\" data-e-type=\"widget\" data-widget_type=\"trx_sc_title.default\">\n\t\t\t\t<div class=\"elementor-widget-container\">\n\t\t\t\t\t<div\t\tclass=\"sc_title sc_title_default\" ><h2 class=\"sc_item_title sc_title_title sc_item_title_style_default translation-block\"\n\t\t\t><span class=\"sc_item_title_text\">\u00c0 propos de l\u2019<\/span><span class=\"sc_item_title_text2\">Institut IHE de Delft pour l\u2019\u00e9ducation relative \u00e0 l\u2019eau<\/span><span class=\"sc_item_title_text\"><\/span><\/h2><div class=\"sc_item_descr sc_title_descr\"><p>L\u2019Institut IHE de Delft pour l\u2019\u00e9ducation relative \u00e0 l\u2019eau est le plus grand centre international d\u2019enseignement sup\u00e9rieur dans le domaine de l\u2019eau au monde. Il se trouve \u00e0 Delft, aux Pays-Bas. Depuis 1957, l'Institut a dispens\u00e9 des cours et des formations sur l'eau \u00e0 25 000 professionnels de plus de 190 pays, dont la grande majorit\u00e9 est originaire d'Afrique, d'Asie et d'Am\u00e9rique latine. De nombreux projets de recherche et de renforcement institutionnel sont men\u00e9s en partenariat pour renforcer les capacit\u00e9s dans le secteur de l\u2019eau au niveau mondial. Gr\u00e2ce \u00e0 son travail d\u00e9terminant sur le d\u00e9veloppement des capacit\u00e9s, l\u2019IHE de Delft vise \u00e0 apporter une contribution tangible \u00e0 l\u2019accomplissement de tous les objectifs de d\u00e9veloppement durable dans lesquels l\u2019eau joue un r\u00f4le cl\u00e9.<\/p>\n<\/div><\/div>\t\t\t\t<\/div>\n\t\t\t\t<\/div>\n\t\t\t\t<div class=\"elementor-element elementor-element-d525165 sc_fly_static elementor-widget elementor-widget-spacer\" data-id=\"d525165\" data-element_type=\"widget\" data-e-type=\"widget\" data-widget_type=\"spacer.default\">\n\t\t\t\t<div class=\"elementor-widget-container\">\n\t\t\t\t\t\t\t<div class=\"elementor-spacer\">\n\t\t\t<div class=\"elementor-spacer-inner\"><\/div>\n\t\t<\/div>\n\t\t\t\t\t\t<\/div>\n\t\t\t\t<\/div>\n\t\t\t\t<div class=\"elementor-element elementor-element-6be7a92 sc_fly_static elementor-widget elementor-widget-trx_sc_title\" data-id=\"6be7a92\" data-element_type=\"widget\" data-e-type=\"widget\" data-widget_type=\"trx_sc_title.default\">\n\t\t\t\t<div class=\"elementor-widget-container\">\n\t\t\t\t\t<div\t\tclass=\"sc_title sc_title_default\" ><h2 class=\"sc_item_title sc_title_title sc_item_title_style_default translation-block\"\n\t\t\t><span class=\"sc_item_title_text\">R\u00f4le <\/span><span class=\"sc_item_title_text2\">dans le projet<\/span><span class=\"sc_item_title_text\"><\/span><\/h2><div class=\"sc_item_descr sc_title_descr\"><p>Participation \u00e0 la mise en \u0153uvre, \u00e0 la gestion et \u00e0 l\u2019\u00e9valuation des activit\u00e9s du MAP, \u00e9laboration d\u2019orientations et de mat\u00e9riel de renforcement des capacit\u00e9s, \u00e9v\u00e9nements FUTURAL EU-RIF, int\u00e9gration des solutions intelligentes dans la plateforme de m\u00e9tarecherche, cr\u00e9ation d\u2019une ontologie sur les sources de donn\u00e9es identifi\u00e9es, m\u00e9tarecherche pour la connectivit\u00e9 avec les march\u00e9s existants, plan de diffusion, exploitation et communication, cr\u00e9ation d\u2019\u00e9cosyst\u00e8mes et engagement, mod\u00e9lisation \u00e9conomique, formulation de recommandations politiques et de cadres de gouvernance, bo\u00eete \u00e0 outils con\u00e7ue pour les politiques aidant les communaut\u00e9s rurales intelligentes \u00e0 adopter des solutions intelligentes.<\/p>\n<\/div><\/div>\t\t\t\t<\/div>\n\t\t\t\t<\/div>\n\t\t\t\t<div class=\"elementor-element elementor-element-06f6a88 sc_height_medium sc_fly_static elementor-widget elementor-widget-spacer\" data-id=\"06f6a88\" data-element_type=\"widget\" data-e-type=\"widget\" data-widget_type=\"spacer.default\">\n\t\t\t\t<div class=\"elementor-widget-container\">\n\t\t\t\t\t\t\t<div class=\"elementor-spacer\">\n\t\t\t<div class=\"elementor-spacer-inner\"><\/div>\n\t\t<\/div>\n\t\t\t\t\t\t<\/div>\n\t\t\t\t<\/div>\n\t\t\t\t\t<\/div>\n\t\t\t\t<\/div>\n\t\t\t\t<\/div>","protected":false},"excerpt":{"rendered":"<p>Country The Netherlands Contact Professor of Hydroinformatics Ioana Popescu i.popescu@un-ihe.org Website About IHE Delft Institute for Water Education IHE Delft Institute For Water Education is the largest international graduate water&hellip;<\/p>","protected":false},"author":1,"featured_media":22471,"parent":23027,"menu_order":6,"comment_status":"closed","ping_status":"closed","template":"","meta":{"iawp_total_views":70,"footnotes":""},"class_list":["post-23498","page","type-page","status-publish","has-post-thumbnail","hentry"],"_links":{"self":[{"href":"https:\/\/futural-project.eu\/fr\/wp-json\/wp\/v2\/pages\/23498","targetHints":{"allow":["GET"]}}],"collection":[{"href":"https:\/\/futural-project.eu\/fr\/wp-json\/wp\/v2\/pages"}],"about":[{"href":"https:\/\/futural-project.eu\/fr\/wp-json\/wp\/v2\/types\/page"}],"author":[{"embeddable":true,"href":"https:\/\/futural-project.eu\/fr\/wp-json\/wp\/v2\/users\/1"}],"replies":[{"embeddable":true,"href":"https:\/\/futural-project.eu\/fr\/wp-json\/wp\/v2\/comments?post=23498"}],"version-history":[{"count":15,"href":"https:\/\/futural-project.eu\/fr\/wp-json\/wp\/v2\/pages\/23498\/revisions"}],"predecessor-version":[{"id":24436,"href":"https:\/\/futural-project.eu\/fr\/wp-json\/wp\/v2\/pages\/23498\/revisions\/24436"}],"up":[{"embeddable":true,"href":"https:\/\/futural-project.eu\/fr\/wp-json\/wp\/v2\/pages\/23027"}],"wp:featuredmedia":[{"embeddable":true,"href":"https:\/\/futural-project.eu\/fr\/wp-json\/wp\/v2\/media\/22471"}],"wp:attachment":[{"href":"https:\/\/futural-project.eu\/fr\/wp-json\/wp\/v2\/media?parent=23498"}],"curies":[{"name":"wp","href":"https:\/\/api.w.org\/{rel}","templated":true}]}}