{"id":23544,"date":"2023-08-23T17:17:23","date_gmt":"2023-08-23T17:17:23","guid":{"rendered":"https:\/\/futural-project.eu\/?page_id=23544"},"modified":"2024-10-21T06:52:03","modified_gmt":"2024-10-21T06:52:03","slug":"challenges","status":"publish","type":"page","link":"https:\/\/futural-project.eu\/ro\/challenges\/","title":{"rendered":"Provocari"},"content":{"rendered":"<div data-elementor-type=\"wp-page\" data-elementor-id=\"23544\" class=\"elementor elementor-23544\" data-elementor-post-type=\"page\">\n\t\t\t\t\t\t<section class=\"elementor-section elementor-top-section elementor-element elementor-element-8eab1b8 elementor-section-boxed elementor-section-height-default elementor-section-height-default sc_fly_static\" data-id=\"8eab1b8\" data-element_type=\"section\" data-e-type=\"section\">\n\t\t\t\t\t\t<div class=\"elementor-container elementor-column-gap-extended\">\n\t\t\t\t\t<div class=\"elementor-column elementor-col-16 elementor-top-column elementor-element elementor-element-aa92321 sc_content_align_inherit sc_layouts_column_icons_position_left sc_fly_static\" data-id=\"aa92321\" data-element_type=\"column\" data-e-type=\"column\">\n\t\t\t<div class=\"elementor-widget-wrap\">\n\t\t\t\t\t\t\t<\/div>\n\t\t<\/div>\n\t\t\t\t<div class=\"elementor-column elementor-col-66 elementor-top-column elementor-element elementor-element-aa08031 sc_content_align_inherit sc_layouts_column_icons_position_left sc_fly_static\" data-id=\"aa08031\" data-element_type=\"column\" data-e-type=\"column\">\n\t\t\t<div class=\"elementor-widget-wrap elementor-element-populated\">\n\t\t\t\t\t\t<div class=\"elementor-element elementor-element-d7f3a7a sc_fly_static elementor-widget elementor-widget-spacer\" data-id=\"d7f3a7a\" data-element_type=\"widget\" data-e-type=\"widget\" data-widget_type=\"spacer.default\">\n\t\t\t\t<div class=\"elementor-widget-container\">\n\t\t\t\t\t\t\t<div class=\"elementor-spacer\">\n\t\t\t<div class=\"elementor-spacer-inner\"><\/div>\n\t\t<\/div>\n\t\t\t\t\t\t<\/div>\n\t\t\t\t<\/div>\n\t\t\t\t<div class=\"elementor-element elementor-element-51fd1e5 sc_fly_static elementor-widget elementor-widget-trx_sc_title\" data-id=\"51fd1e5\" data-element_type=\"widget\" data-e-type=\"widget\" data-widget_type=\"trx_sc_title.default\">\n\t\t\t\t<div class=\"elementor-widget-container\">\n\t\t\t\t\t<div\t\tclass=\"sc_title color_style_dark sc_title_accent\" ><h1 class=\"sc_item_title sc_title_title sc_align_center sc_item_title_style_accent sc_item_title_tag trx_addons_inline_2017376972\"\n\t\t\t><span class=\"sc_item_title_text\"><b>FUTURAL<\/b><\/span><span class=\"sc_item_title_text2\">Provocari<\/span><\/h1><span class=\"sc_item_subtitle sc_title_subtitle sc_align_center sc_item_subtitle_below sc_item_title_style_accent\">CU CARE SE CONFRUNT\u0102 ZONELE RURALE DIN EUROPA <\/span><\/div>\t\t\t\t<\/div>\n\t\t\t\t<\/div>\n\t\t\t\t<div class=\"elementor-element elementor-element-dfa1f2b sc_height_small sc_fly_static elementor-widget elementor-widget-spacer\" data-id=\"dfa1f2b\" data-element_type=\"widget\" data-e-type=\"widget\" data-widget_type=\"spacer.default\">\n\t\t\t\t<div class=\"elementor-widget-container\">\n\t\t\t\t\t\t\t<div class=\"elementor-spacer\">\n\t\t\t<div class=\"elementor-spacer-inner\"><\/div>\n\t\t<\/div>\n\t\t\t\t\t\t<\/div>\n\t\t\t\t<\/div>\n\t\t\t\t<div class=\"elementor-element elementor-element-fd5ef9b sc_fly_static elementor-widget elementor-widget-text-editor\" data-id=\"fd5ef9b\" data-element_type=\"widget\" data-e-type=\"widget\" data-widget_type=\"text-editor.default\">\n\t\t\t\t<div class=\"elementor-widget-container\">\n\t\t\t\t\t\t\t\t\t<p style=\"text-align: center;\"><span style=\"font-weight: 400;\">Zonele rurale se caracterizeaz\u0103 printr-o imens\u0103 diversitate at\u00e2t \u00een ceea ce prive\u0219te societatea \u0219i cultura, c\u00e2t \u0219i \u00een ceea ce prive\u0219te geografia \u0219i topografia, cuprinz\u00e2nd comunit\u0103\u021bi mici sau mai mari, departe de centrele urbane sau \u00een apropierea acestora, zone de c\u00e2mpie sau teritorii muntoase \u0219i insulare slab populate.<\/span><\/p>\t\t\t\t\t\t\t\t<\/div>\n\t\t\t\t<\/div>\n\t\t\t\t<div class=\"elementor-element elementor-element-8fd7b44 sc_height_medium sc_fly_static elementor-widget elementor-widget-spacer\" data-id=\"8fd7b44\" data-element_type=\"widget\" data-e-type=\"widget\" data-widget_type=\"spacer.default\">\n\t\t\t\t<div class=\"elementor-widget-container\">\n\t\t\t\t\t\t\t<div class=\"elementor-spacer\">\n\t\t\t<div class=\"elementor-spacer-inner\"><\/div>\n\t\t<\/div>\n\t\t\t\t\t\t<\/div>\n\t\t\t\t<\/div>\n\t\t\t\t\t<\/div>\n\t\t<\/div>\n\t\t\t\t<div class=\"elementor-column elementor-col-16 elementor-top-column elementor-element elementor-element-3bca656 sc_content_align_inherit sc_layouts_column_icons_position_left sc_fly_static\" data-id=\"3bca656\" data-element_type=\"column\" data-e-type=\"column\">\n\t\t\t<div class=\"elementor-widget-wrap\">\n\t\t\t\t\t\t\t<\/div>\n\t\t<\/div>\n\t\t\t\t\t<\/div>\n\t\t<\/section>\n\t\t\t\t<section class=\"elementor-section elementor-top-section elementor-element elementor-element-b09a590 elementor-section-boxed elementor-section-height-default elementor-section-height-default sc_fly_static\" data-id=\"b09a590\" data-element_type=\"section\" data-e-type=\"section\">\n\t\t\t\t\t\t<div class=\"elementor-container elementor-column-gap-extended\">\n\t\t\t\t\t<div class=\"elementor-column elementor-col-100 elementor-top-column elementor-element elementor-element-6e78aae sc_content_align_inherit sc_layouts_column_icons_position_left sc_fly_static\" data-id=\"6e78aae\" data-element_type=\"column\" data-e-type=\"column\">\n\t\t\t<div class=\"elementor-widget-wrap elementor-element-populated\">\n\t\t\t\t\t\t<div class=\"elementor-element elementor-element-c3188c3 sc_height_small sc_fly_static elementor-widget elementor-widget-spacer\" data-id=\"c3188c3\" data-element_type=\"widget\" data-e-type=\"widget\" data-widget_type=\"spacer.default\">\n\t\t\t\t<div class=\"elementor-widget-container\">\n\t\t\t\t\t\t\t<div class=\"elementor-spacer\">\n\t\t\t<div class=\"elementor-spacer-inner\"><\/div>\n\t\t<\/div>\n\t\t\t\t\t\t<\/div>\n\t\t\t\t<\/div>\n\t\t\t\t<div class=\"elementor-element elementor-element-3f0b1b2 sc_fly_static elementor-widget elementor-widget-trx_sc_icons\" data-id=\"3f0b1b2\" data-element_type=\"widget\" data-e-type=\"widget\" data-widget_type=\"trx_sc_icons.default\">\n\t\t\t\t<div class=\"elementor-widget-container\">\n\t\t\t\t\t<div \tclass=\"sc_icons sc_icons_hover2 sc_icons_size_medium sc_align_center\" ><div class=\"sc_icons_columns_wrap sc_item_columns trx_addons_columns_wrap columns_padding_bottom columns_in_single_row\" ><div class=\"trx_addons_column-1_3\"><div class=\"sc_icons_item with_more\"><div class=\"sc_icons_icon sc_icon_type_ icon-users\" ><span class=\"sc_icon_type_ icon-users\"><\/span><\/div><div class=\"sc_icons_item_details\"><h4 class=\"sc_icons_item_title\"><span>Depopulare<\/span><\/h4><\/div><\/div><\/div><div class=\"trx_addons_column-1_3\"><div class=\"sc_icons_item with_more\"><div class=\"sc_icons_icon sc_icon_type_ icon-address\" ><span class=\"sc_icon_type_ icon-address\"><\/span><\/div><div class=\"sc_icons_item_details\"><h4 class=\"sc_icons_item_title\"><span>Exodul creierelor<\/span><\/h4><\/div><\/div><\/div><div class=\"trx_addons_column-1_3\"><div class=\"sc_icons_item with_more\"><div class=\"sc_icons_icon sc_icon_type_ icon-hourglass\" ><span class=\"sc_icon_type_ icon-hourglass\"><\/span><\/div><div class=\"sc_icons_item_details\"><h4 class=\"sc_icons_item_title\"><span>\u00cemb\u0103tr\u00e2nirea popula\u021biei<\/span><\/h4><\/div><\/div><\/div><\/div><\/div><!-- \/.sc_icons -->\t\t\t\t<\/div>\n\t\t\t\t<\/div>\n\t\t\t\t\t<\/div>\n\t\t<\/div>\n\t\t\t\t\t<\/div>\n\t\t<\/section>\n\t\t<div class=\"elementor-element elementor-element-b474d7d e-flex e-con-boxed sc_layouts_column_icons_position_left e-con e-parent\" data-id=\"b474d7d\" data-element_type=\"container\" data-e-type=\"container\">\n\t\t\t\t\t<div class=\"e-con-inner\">\n\t\t\t\t<div class=\"elementor-element elementor-element-0cf1a46 sc_fly_static elementor-widget elementor-widget-spacer\" data-id=\"0cf1a46\" data-element_type=\"widget\" data-e-type=\"widget\" data-widget_type=\"spacer.default\">\n\t\t\t\t<div class=\"elementor-widget-container\">\n\t\t\t\t\t\t\t<div class=\"elementor-spacer\">\n\t\t\t<div class=\"elementor-spacer-inner\"><\/div>\n\t\t<\/div>\n\t\t\t\t\t\t<\/div>\n\t\t\t\t<\/div>\n\t\t\t\t\t<\/div>\n\t\t\t\t<\/div>\n\t\t\t\t<section class=\"elementor-section-with-custom-width elementor-section elementor-top-section elementor-element elementor-element-c510d3d elementor-section-boxed elementor-section-height-default elementor-section-height-default sc_fly_static\" data-id=\"c510d3d\" data-element_type=\"section\" data-e-type=\"section\">\n\t\t\t\t\t\t<div class=\"elementor-container elementor-column-gap-extended\">\n\t\t\t\t\t<div class=\"elementor-column elementor-col-100 elementor-top-column elementor-element elementor-element-d4d4987 sc_content_align_inherit sc_layouts_column_icons_position_left sc_fly_static\" data-id=\"d4d4987\" data-element_type=\"column\" data-e-type=\"column\">\n\t\t\t<div class=\"elementor-widget-wrap elementor-element-populated\">\n\t\t\t\t\t\t<div class=\"elementor-element elementor-element-631d02e sc_fly_static elementor-widget elementor-widget-trx_sc_icons\" data-id=\"631d02e\" data-element_type=\"widget\" data-e-type=\"widget\" data-widget_type=\"trx_sc_icons.default\">\n\t\t\t\t<div class=\"elementor-widget-container\">\n\t\t\t\t\t<div \tclass=\"sc_icons sc_icons_hover2 sc_icons_size_medium sc_align_center\" ><div class=\"sc_icons_columns_wrap sc_item_columns trx_addons_columns_wrap columns_padding_bottom columns_in_single_row\" ><div class=\"trx_addons_column-1_2\"><div class=\"sc_icons_item with_more\"><div class=\"sc_icons_icon sc_icon_type_ icon-floor\" ><span class=\"sc_icon_type_ icon-floor\"><\/span><\/div><div class=\"sc_icons_item_details\"><h4 class=\"sc_icons_item_title\"><span>Conectivitate \u0219i acces limitat la infrastructuri \u0219i servicii publice<\/span><\/h4><\/div><\/div><\/div><div class=\"trx_addons_column-1_2\"><div class=\"sc_icons_item with_more\"><div class=\"sc_icons_icon sc_icon_type_ icon-pagelines\" ><span class=\"sc_icon_type_ icon-pagelines\"><\/span><\/div><div class=\"sc_icons_item_details\"><h4 class=\"sc_icons_item_title\"><span>Condi\u021bii de mediu<\/span><\/h4><\/div><\/div><\/div><\/div><\/div><!-- \/.sc_icons -->\t\t\t\t<\/div>\n\t\t\t\t<\/div>\n\t\t\t\t\t<\/div>\n\t\t<\/div>\n\t\t\t\t\t<\/div>\n\t\t<\/section>\n\t\t<div class=\"e-con-with-custom-width elementor-element elementor-element-fef1780 e-flex e-con-boxed sc_layouts_column_icons_position_left e-con e-parent\" data-id=\"fef1780\" data-element_type=\"container\" data-e-type=\"container\">\n\t\t\t\t\t<div class=\"e-con-inner\">\n\t\t\t\t<div class=\"elementor-element elementor-element-05c7146 sc_fly_static elementor-widget elementor-widget-spacer\" data-id=\"05c7146\" data-element_type=\"widget\" data-e-type=\"widget\" data-widget_type=\"spacer.default\">\n\t\t\t\t<div class=\"elementor-widget-container\">\n\t\t\t\t\t\t\t<div class=\"elementor-spacer\">\n\t\t\t<div class=\"elementor-spacer-inner\"><\/div>\n\t\t<\/div>\n\t\t\t\t\t\t<\/div>\n\t\t\t\t<\/div>\n\t\t\t\t<div class=\"elementor-element elementor-element-50cb703 sc_fly_static elementor-widget elementor-widget-text-editor\" data-id=\"50cb703\" data-element_type=\"widget\" data-e-type=\"widget\" data-widget_type=\"text-editor.default\">\n\t\t\t\t<div class=\"elementor-widget-container\">\n\t\t\t\t\t\t\t\t\t<p style=\"text-align: center;\">FUTURAL \u00ee\u0219i propune s\u0103 abordeze aceste provoc\u0103ri \u0219i s\u0103 consolideze viitorul zonelor rurale, sprijinindu-le s\u0103 devin\u0103 mai rezistente \u0219i mai durabile, mai bine conectate \u0219i capabile s\u0103 \u00eembun\u0103t\u0103\u021beasc\u0103 bun\u0103starea cet\u0103\u021benilor lor.<\/p>\t\t\t\t\t\t\t\t<\/div>\n\t\t\t\t<\/div>\n\t\t\t\t<div class=\"elementor-element elementor-element-8eca7f6 sc_height_huge sc_fly_static elementor-widget elementor-widget-spacer\" data-id=\"8eca7f6\" data-element_type=\"widget\" data-e-type=\"widget\" data-widget_type=\"spacer.default\">\n\t\t\t\t<div class=\"elementor-widget-container\">\n\t\t\t\t\t\t\t<div class=\"elementor-spacer\">\n\t\t\t<div class=\"elementor-spacer-inner\"><\/div>\n\t\t<\/div>\n\t\t\t\t\t\t<\/div>\n\t\t\t\t<\/div>\n\t\t\t\t\t<\/div>\n\t\t\t\t<\/div>\n\t\t\t\t<\/div>","protected":false},"excerpt":{"rendered":"<p>FUTURALChallenges faced by rural areas in Europe Rural areas are characterised by immense diversity both in terms of society and culture, but also in terms of geography and topography, comprising&hellip;<\/p>","protected":false},"author":1,"featured_media":0,"parent":0,"menu_order":0,"comment_status":"closed","ping_status":"closed","template":"","meta":{"iawp_total_views":469,"footnotes":""},"class_list":["post-23544","page","type-page","status-publish","hentry"],"_links":{"self":[{"href":"https:\/\/futural-project.eu\/ro\/wp-json\/wp\/v2\/pages\/23544","targetHints":{"allow":["GET"]}}],"collection":[{"href":"https:\/\/futural-project.eu\/ro\/wp-json\/wp\/v2\/pages"}],"about":[{"href":"https:\/\/futural-project.eu\/ro\/wp-json\/wp\/v2\/types\/page"}],"author":[{"embeddable":true,"href":"https:\/\/futural-project.eu\/ro\/wp-json\/wp\/v2\/users\/1"}],"replies":[{"embeddable":true,"href":"https:\/\/futural-project.eu\/ro\/wp-json\/wp\/v2\/comments?post=23544"}],"version-history":[{"count":43,"href":"https:\/\/futural-project.eu\/ro\/wp-json\/wp\/v2\/pages\/23544\/revisions"}],"predecessor-version":[{"id":25472,"href":"https:\/\/futural-project.eu\/ro\/wp-json\/wp\/v2\/pages\/23544\/revisions\/25472"}],"wp:attachment":[{"href":"https:\/\/futural-project.eu\/ro\/wp-json\/wp\/v2\/media?parent=23544"}],"curies":[{"name":"wp","href":"https:\/\/api.w.org\/{rel}","templated":true}]}}