{"id":23903,"date":"2023-08-25T09:23:11","date_gmt":"2023-08-25T09:23:11","guid":{"rendered":"https:\/\/futural-project.eu\/?page_id=23903"},"modified":"2024-10-21T06:56:20","modified_gmt":"2024-10-21T06:56:20","slug":"futural-metasearch-platform","status":"publish","type":"page","link":"https:\/\/futural-project.eu\/ro\/futural-metasearch-platform\/","title":{"rendered":"FUTURAL Metasearch Platform"},"content":{"rendered":"<div data-elementor-type=\"wp-page\" data-elementor-id=\"23903\" class=\"elementor elementor-23903\" data-elementor-post-type=\"page\">\n\t\t\t\t\t\t<section class=\"elementor-section elementor-top-section elementor-element elementor-element-0466fca elementor-section-boxed elementor-section-height-default elementor-section-height-default sc_fly_static\" data-id=\"0466fca\" data-element_type=\"section\" data-e-type=\"section\">\n\t\t\t\t\t\t<div class=\"elementor-container elementor-column-gap-extended\">\n\t\t\t\t\t<div class=\"elementor-column elementor-col-16 elementor-top-column elementor-element elementor-element-0fd35c0 sc_content_align_inherit sc_layouts_column_icons_position_left sc_fly_static\" data-id=\"0fd35c0\" data-element_type=\"column\" data-e-type=\"column\">\n\t\t\t<div class=\"elementor-widget-wrap\">\n\t\t\t\t\t\t\t<\/div>\n\t\t<\/div>\n\t\t\t\t<div class=\"elementor-column elementor-col-66 elementor-top-column elementor-element elementor-element-2576125 sc_content_align_inherit sc_layouts_column_icons_position_left sc_fly_static\" data-id=\"2576125\" data-element_type=\"column\" data-e-type=\"column\">\n\t\t\t<div class=\"elementor-widget-wrap elementor-element-populated\">\n\t\t\t\t\t\t<div class=\"elementor-element elementor-element-f1683db sc_fly_static elementor-widget elementor-widget-spacer\" data-id=\"f1683db\" data-element_type=\"widget\" data-e-type=\"widget\" data-widget_type=\"spacer.default\">\n\t\t\t\t<div class=\"elementor-widget-container\">\n\t\t\t\t\t\t\t<div class=\"elementor-spacer\">\n\t\t\t<div class=\"elementor-spacer-inner\"><\/div>\n\t\t<\/div>\n\t\t\t\t\t\t<\/div>\n\t\t\t\t<\/div>\n\t\t\t\t<div class=\"elementor-element elementor-element-02d9a5a sc_fly_static elementor-widget elementor-widget-trx_sc_title\" data-id=\"02d9a5a\" data-element_type=\"widget\" data-e-type=\"widget\" data-widget_type=\"trx_sc_title.default\">\n\t\t\t\t<div class=\"elementor-widget-container\">\n\t\t\t\t\t<div\t\tclass=\"sc_title color_style_dark sc_title_accent\" ><h1 class=\"sc_item_title sc_title_title sc_align_center sc_item_title_style_accent sc_item_title_tag trx_addons_inline_1935595344 translation-block\"\n\t\t\t>Platforma Metasearch<\/h1><div class=\"sc_item_descr sc_title_descr sc_align_center\"><p>\u00cen cur\u00e2nd....<\/p>\n<\/div><\/div>\t\t\t\t<\/div>\n\t\t\t\t<\/div>\n\t\t\t\t<div class=\"elementor-element elementor-element-6043e32 sc_height_small sc_fly_static elementor-widget elementor-widget-spacer\" data-id=\"6043e32\" data-element_type=\"widget\" data-e-type=\"widget\" data-widget_type=\"spacer.default\">\n\t\t\t\t<div class=\"elementor-widget-container\">\n\t\t\t\t\t\t\t<div class=\"elementor-spacer\">\n\t\t\t<div class=\"elementor-spacer-inner\"><\/div>\n\t\t<\/div>\n\t\t\t\t\t\t<\/div>\n\t\t\t\t<\/div>\n\t\t\t\t<div class=\"elementor-element elementor-element-1ff09ef sc_fly_static elementor-widget elementor-widget-text-editor\" data-id=\"1ff09ef\" data-element_type=\"widget\" data-e-type=\"widget\" data-widget_type=\"text-editor.default\">\n\t\t\t\t<div class=\"elementor-widget-container\">\n\t\t\t\t\t\t\t\t\t<p>O platform\u0103 \"Ghi\u0219eu unic\" pentru SS digital\u0103, dezvoltat\u0103 \u00een timpul proiectului \u0219i a proiectelor OC, precum \u0219i SS din alte proiecte \u0219i ini\u021biative ale UE, sub forma unei platforme de metarchet\u0103.<\/p><p>Utilizatorii vor putea accesa o gam\u0103 larg\u0103 de solu\u021bii pentru zonele rurale de pe diferite platforme printr-un singur portal, ceea ce le va permite utilizatorilor s\u0103 g\u0103seasc\u0103 \u0219i s\u0103 exploreze \u00een mod convenabil \u0219i eficient op\u021biunile relevante.<\/p>\t\t\t\t\t\t\t\t<\/div>\n\t\t\t\t<\/div>\n\t\t\t\t<div class=\"elementor-element elementor-element-1c273ac sc_height_medium sc_fly_static elementor-widget elementor-widget-spacer\" data-id=\"1c273ac\" data-element_type=\"widget\" data-e-type=\"widget\" data-widget_type=\"spacer.default\">\n\t\t\t\t<div class=\"elementor-widget-container\">\n\t\t\t\t\t\t\t<div class=\"elementor-spacer\">\n\t\t\t<div class=\"elementor-spacer-inner\"><\/div>\n\t\t<\/div>\n\t\t\t\t\t\t<\/div>\n\t\t\t\t<\/div>\n\t\t\t\t\t<\/div>\n\t\t<\/div>\n\t\t\t\t<div class=\"elementor-column elementor-col-16 elementor-top-column elementor-element elementor-element-931e272 sc_content_align_inherit sc_layouts_column_icons_position_left sc_fly_static\" data-id=\"931e272\" data-element_type=\"column\" data-e-type=\"column\">\n\t\t\t<div class=\"elementor-widget-wrap\">\n\t\t\t\t\t\t\t<\/div>\n\t\t<\/div>\n\t\t\t\t\t<\/div>\n\t\t<\/section>\n\t\t<div class=\"elementor-element elementor-element-7c1dc63 e-flex e-con-boxed sc_layouts_column_icons_position_left e-con e-parent\" data-id=\"7c1dc63\" data-element_type=\"container\" data-e-type=\"container\">\n\t\t\t\t\t<div class=\"e-con-inner\">\n\t\t\t\t<div class=\"elementor-element elementor-element-43a0e6d sc_fly_static elementor-widget elementor-widget-image\" data-id=\"43a0e6d\" data-element_type=\"widget\" data-e-type=\"widget\" data-widget_type=\"image.default\">\n\t\t\t\t<div class=\"elementor-widget-container\">\n\t\t\t\t\t\t\t\t\t\t\t\t\t\t\t<img fetchpriority=\"high\" decoding=\"async\" width=\"1024\" height=\"576\" src=\"https:\/\/futural-project.eu\/wp-content\/uploads\/2023\/08\/Picture1-1-1024x576.png\" class=\"attachment-large size-large wp-image-23906\" alt=\"\" srcset=\"https:\/\/futural-project.eu\/wp-content\/uploads\/2023\/08\/Picture1-1-1024x576.png 1024w, https:\/\/futural-project.eu\/wp-content\/uploads\/2023\/08\/Picture1-1-300x169.png 300w, https:\/\/futural-project.eu\/wp-content\/uploads\/2023\/08\/Picture1-1-768x432.png 768w, https:\/\/futural-project.eu\/wp-content\/uploads\/2023\/08\/Picture1-1-370x208.png 370w, https:\/\/futural-project.eu\/wp-content\/uploads\/2023\/08\/Picture1-1-840x473.png 840w, https:\/\/futural-project.eu\/wp-content\/uploads\/2023\/08\/Picture1-1-410x231.png 410w, https:\/\/futural-project.eu\/wp-content\/uploads\/2023\/08\/Picture1-1-270x152.png 270w, https:\/\/futural-project.eu\/wp-content\/uploads\/2023\/08\/Picture1-1.png 1200w\" sizes=\"(max-width: 1024px) 100vw, 1024px\" \/>\t\t\t\t\t\t\t\t\t\t\t\t\t\t\t<\/div>\n\t\t\t\t<\/div>\n\t\t\t\t\t<\/div>\n\t\t\t\t<\/div>\n\t\t<div class=\"elementor-element elementor-element-e6a685e e-flex e-con-boxed sc_layouts_column_icons_position_left e-con e-parent\" data-id=\"e6a685e\" data-element_type=\"container\" data-e-type=\"container\">\n\t\t\t\t\t<div class=\"e-con-inner\">\n\t\t\t\t<div class=\"elementor-element elementor-element-5a5dbe9 sc_fly_static elementor-widget elementor-widget-spacer\" data-id=\"5a5dbe9\" data-element_type=\"widget\" data-e-type=\"widget\" data-widget_type=\"spacer.default\">\n\t\t\t\t<div class=\"elementor-widget-container\">\n\t\t\t\t\t\t\t<div class=\"elementor-spacer\">\n\t\t\t<div class=\"elementor-spacer-inner\"><\/div>\n\t\t<\/div>\n\t\t\t\t\t\t<\/div>\n\t\t\t\t<\/div>\n\t\t\t\t\t<\/div>\n\t\t\t\t<\/div>\n\t\t\t\t<\/div>","protected":false},"excerpt":{"rendered":"<p>FUTURALMetasearch Platform Coming soon&#8230;. A One-stop-shop platform for digital SS, developed during the project and the OC projects, as well as the SS from other EU projects and initiatives, in&hellip;<\/p>","protected":false},"author":1,"featured_media":0,"parent":0,"menu_order":0,"comment_status":"closed","ping_status":"closed","template":"","meta":{"iawp_total_views":968,"footnotes":""},"class_list":["post-23903","page","type-page","status-publish","hentry"],"_links":{"self":[{"href":"https:\/\/futural-project.eu\/ro\/wp-json\/wp\/v2\/pages\/23903","targetHints":{"allow":["GET"]}}],"collection":[{"href":"https:\/\/futural-project.eu\/ro\/wp-json\/wp\/v2\/pages"}],"about":[{"href":"https:\/\/futural-project.eu\/ro\/wp-json\/wp\/v2\/types\/page"}],"author":[{"embeddable":true,"href":"https:\/\/futural-project.eu\/ro\/wp-json\/wp\/v2\/users\/1"}],"replies":[{"embeddable":true,"href":"https:\/\/futural-project.eu\/ro\/wp-json\/wp\/v2\/comments?post=23903"}],"version-history":[{"count":10,"href":"https:\/\/futural-project.eu\/ro\/wp-json\/wp\/v2\/pages\/23903\/revisions"}],"predecessor-version":[{"id":25490,"href":"https:\/\/futural-project.eu\/ro\/wp-json\/wp\/v2\/pages\/23903\/revisions\/25490"}],"wp:attachment":[{"href":"https:\/\/futural-project.eu\/ro\/wp-json\/wp\/v2\/media?parent=23903"}],"curies":[{"name":"wp","href":"https:\/\/api.w.org\/{rel}","templated":true}]}}